{"id":3743,"date":"2021-03-23T15:46:16","date_gmt":"2021-03-23T14:46:16","guid":{"rendered":"https:\/\/elscooterspain.com\/carrito\/"},"modified":"2025-10-17T10:04:49","modified_gmt":"2025-10-17T08:04:49","slug":"carrito","status":"publish","type":"page","link":"https:\/\/elscooterspain.com\/es\/carrito\/","title":{"rendered":"Carrito"},"content":{"rendered":"\n<div data-block-name=\"woocommerce\/cart\" class=\"wp-block-woocommerce-cart alignwide is-loading\">\n<div data-block-name=\"woocommerce\/filled-cart-block\" class=\"wp-block-woocommerce-filled-cart-block\">\n<div data-block-name=\"woocommerce\/cart-items-block\" class=\"wp-block-woocommerce-cart-items-block\">\n<div data-block-name=\"woocommerce\/cart-line-items-block\" class=\"wp-block-woocommerce-cart-line-items-block\"><\/div>\n\n\n<\/div>\n\n\n\n\n<div data-block-name=\"woocommerce\/cart-totals-block\" class=\"wp-block-woocommerce-cart-totals-block\">\n<div data-block-name=\"woocommerce\/cart-order-summary-block\" class=\"wp-block-woocommerce-cart-order-summary-block\">\n<div data-block-name=\"woocommerce\/cart-order-summary-heading-block\" class=\"wp-block-woocommerce-cart-order-summary-heading-block\"><\/div><div data-block-name=\"woocommerce\/cart-order-summary-coupon-form-block\" class=\"wp-block-woocommerce-cart-order-summary-coupon-form-block\"><\/div><div data-block-name=\"woocommerce\/cart-order-summary-totals-block\" class=\"wp-block-woocommerce-cart-order-summary-totals-block\">\n<div data-block-name=\"woocommerce\/cart-order-summary-subtotal-block\" class=\"wp-block-woocommerce-cart-order-summary-subtotal-block\"><\/div>\n<div data-block-name=\"woocommerce\/cart-order-summary-discount-block\" class=\"wp-block-woocommerce-cart-order-summary-discount-block\"><\/div>\n<div data-block-name=\"woocommerce\/cart-order-summary-fee-block\" class=\"wp-block-woocommerce-cart-order-summary-fee-block\"><\/div>\n<div data-block-name=\"woocommerce\/cart-order-summary-shipping-block\" class=\"wp-block-woocommerce-cart-order-summary-shipping-block\"><\/div>\n<div data-block-name=\"woocommerce\/cart-order-summary-taxes-block\" class=\"wp-block-woocommerce-cart-order-summary-taxes-block\"><\/div><\/div>\n<\/div>\n\n\n\n<div data-block-name=\"woocommerce\/cart-express-payment-block\" class=\"wp-block-woocommerce-cart-express-payment-block\"><\/div>\n\n\n\n<div data-block-name=\"woocommerce\/proceed-to-checkout-block\" class=\"wp-block-woocommerce-proceed-to-checkout-block\"><\/div>\n\n\n\n<div data-block-name=\"woocommerce\/cart-accepted-payment-methods-block\" class=\"wp-block-woocommerce-cart-accepted-payment-methods-block\"><\/div>\n<\/div>\n<\/div>\n\n\n\n<div data-block-name=\"woocommerce\/empty-cart-block\" class=\"wp-block-woocommerce-empty-cart-block\">\n<h2 class=\"wp-block-heading has-text-align-center with-empty-cart-icon wc-block-cart__empty-cart__title\">\u00a1Tu carrito est\u00e1 actualmente vac\u00edo!<\/h2>\n\n\n\n<hr class=\"wp-block-separator has-alpha-channel-opacity is-style-dots\"\/>\n\n\n\n<h2 class=\"wp-block-heading has-text-align-center\">Nuevo en la tienda<\/h2>\n\n\n<div data-block-name=\"woocommerce\/product-new\" data-columns=\"4\" data-rows=\"1\" class=\"wc-block-grid wp-block-product-new wp-block-woocommerce-product-new wc-block-product-new has-4-columns\"><ul class=\"wc-block-grid__products\"><li class=\"wc-block-grid__product\">\n\t\t\t\t<a href=\"https:\/\/elscooterspain.com\/es\/produkt\/douche-todi-t6-alcance-35-km\/\" class=\"wc-block-grid__product-link\">\n\t\t\t\t\t<div class=\"wc-block-grid__product-onsale\">\n\t\t\t<span aria-hidden=\"true\">Oferta<\/span>\n\t\t\t<span class=\"screen-reader-text\">Producto en oferta<\/span>\n\t\t<\/div>\n\t\t\t\t\t<div class=\"wc-block-grid__product-image\"><img loading=\"lazy\" decoding=\"async\" width=\"350\" height=\"350\" src=\"https:\/\/elscooterspain.com\/wp-content\/uploads\/2025\/12\/23cv-350x350.jpg\" class=\"attachment-woocommerce_thumbnail size-woocommerce_thumbnail\" alt=\"DOUCHE TODI T6 - Alcance 35 km\" srcset=\"https:\/\/elscooterspain.com\/wp-content\/uploads\/2025\/12\/23cv-350x350.jpg 350w, https:\/\/elscooterspain.com\/wp-content\/uploads\/2025\/12\/23cv-300x300.jpg 300w, https:\/\/elscooterspain.com\/wp-content\/uploads\/2025\/12\/23cv-1024x1024.jpg 1024w, https:\/\/elscooterspain.com\/wp-content\/uploads\/2025\/12\/23cv-150x150.jpg 150w, https:\/\/elscooterspain.com\/wp-content\/uploads\/2025\/12\/23cv-768x768.jpg 768w, https:\/\/elscooterspain.com\/wp-content\/uploads\/2025\/12\/23cv-1536x1536.jpg 1536w, https:\/\/elscooterspain.com\/wp-content\/uploads\/2025\/12\/23cv-510x510.jpg 510w, https:\/\/elscooterspain.com\/wp-content\/uploads\/2025\/12\/23cv-100x100.jpg 100w, https:\/\/elscooterspain.com\/wp-content\/uploads\/2025\/12\/23cv.jpg 1600w\" sizes=\"auto, (max-width: 350px) 100vw, 350px\" title=\"\"><\/div>\n\t\t\t\t\t<div class=\"wc-block-grid__product-title\">DOUCHE TODI T6 &#8211; Alcance 35 km<\/div>\n\t\t\t\t<\/a>\n\t\t\t\t<div class=\"wc-block-grid__product-price price\"><del aria-hidden=\"true\"><span class=\"woocommerce-Price-amount amount\"><span class=\"woocommerce-Price-currencySymbol\">&euro;<\/span>500<\/span><\/del> <span class=\"screen-reader-text\">El precio original era: &euro;500.<\/span><ins aria-hidden=\"true\"><span class=\"woocommerce-Price-amount amount\"><span class=\"woocommerce-Price-currencySymbol\">&euro;<\/span>430<\/span><\/ins><span class=\"screen-reader-text\">El precio actual es: &euro;430.<\/span><\/div>\n\t\t\t\t\n\t\t\t\t<div class=\"wp-block-button wc-block-grid__product-add-to-cart\"><a href=\"\/es\/wp-json\/wp\/v2\/pages\/3743?add-to-cart=4433\" aria-label=\"A\u00f1adir al carrito: &ldquo;DOUCHE TODI T6 - Alcance 35 km&rdquo;\" data-quantity=\"1\" data-product_id=\"4433\" data-product_sku=\"\" data-price=\"430\" rel=\"nofollow\" class=\"wp-block-button__link  add_to_cart_button ajax_add_to_cart\">A\u00f1adir al carrito<\/a><\/div>\n\t\t\t<\/li><li class=\"wc-block-grid__product\">\n\t\t\t\t<a href=\"https:\/\/elscooterspain.com\/es\/produkt\/joyor-t10-dos-motores-alcance-de-60-km\/\" class=\"wc-block-grid__product-link\">\n\t\t\t\t\t<div class=\"wc-block-grid__product-onsale\">\n\t\t\t<span aria-hidden=\"true\">Oferta<\/span>\n\t\t\t<span class=\"screen-reader-text\">Producto en oferta<\/span>\n\t\t<\/div>\n\t\t\t\t\t<div class=\"wc-block-grid__product-image\"><img loading=\"lazy\" decoding=\"async\" width=\"350\" height=\"223\" src=\"https:\/\/elscooterspain.com\/wp-content\/uploads\/2025\/12\/T10\u2551s\u2591\u00b5\u00a4UAUE\u2502_01-350x223.jpg\" class=\"attachment-woocommerce_thumbnail size-woocommerce_thumbnail\" alt=\"JOYOR T10 - dos motores - alcance de 60 km\" srcset=\"https:\/\/elscooterspain.com\/wp-content\/uploads\/2025\/12\/T10\u2551s\u2591\u00b5\u00a4UAUE\u2502_01-350x223.jpg 350w, https:\/\/elscooterspain.com\/wp-content\/uploads\/2025\/12\/T10\u2551s\u2591\u00b5\u00a4UAUE\u2502_01-300x191.jpg 300w, https:\/\/elscooterspain.com\/wp-content\/uploads\/2025\/12\/T10\u2551s\u2591\u00b5\u00a4UAUE\u2502_01-1024x653.jpg 1024w, https:\/\/elscooterspain.com\/wp-content\/uploads\/2025\/12\/T10\u2551s\u2591\u00b5\u00a4UAUE\u2502_01-768x490.jpg 768w, https:\/\/elscooterspain.com\/wp-content\/uploads\/2025\/12\/T10\u2551s\u2591\u00b5\u00a4UAUE\u2502_01-1536x980.jpg 1536w, https:\/\/elscooterspain.com\/wp-content\/uploads\/2025\/12\/T10\u2551s\u2591\u00b5\u00a4UAUE\u2502_01-2048x1307.jpg 2048w, https:\/\/elscooterspain.com\/wp-content\/uploads\/2025\/12\/T10\u2551s\u2591\u00b5\u00a4UAUE\u2502_01-510x325.jpg 510w\" sizes=\"auto, (max-width: 350px) 100vw, 350px\" title=\"\"><\/div>\n\t\t\t\t\t<div class=\"wc-block-grid__product-title\">JOYOR T10 &#8211; dos motores &#8211; alcance de 60 km<\/div>\n\t\t\t\t<\/a>\n\t\t\t\t<div class=\"wc-block-grid__product-price price\"><del aria-hidden=\"true\"><span class=\"woocommerce-Price-amount amount\"><span class=\"woocommerce-Price-currencySymbol\">&euro;<\/span>1100<\/span><\/del> <span class=\"screen-reader-text\">El precio original era: &euro;1100.<\/span><ins aria-hidden=\"true\"><span class=\"woocommerce-Price-amount amount\"><span class=\"woocommerce-Price-currencySymbol\">&euro;<\/span>999<\/span><\/ins><span class=\"screen-reader-text\">El precio actual es: &euro;999.<\/span><\/div>\n\t\t\t\t\n\t\t\t\t<div class=\"wp-block-button wc-block-grid__product-add-to-cart\"><a href=\"\/es\/wp-json\/wp\/v2\/pages\/3743?add-to-cart=4364\" aria-label=\"A\u00f1adir al carrito: &ldquo;JOYOR T10 - dos motores - alcance de 60 km&rdquo;\" data-quantity=\"1\" data-product_id=\"4364\" data-product_sku=\"\" data-price=\"999\" rel=\"nofollow\" class=\"wp-block-button__link  add_to_cart_button ajax_add_to_cart\">A\u00f1adir al carrito<\/a><\/div>\n\t\t\t<\/li><li class=\"wc-block-grid__product\">\n\t\t\t\t<a href=\"https:\/\/elscooterspain.com\/es\/produkt\/moto-electrica-douche-pinto-3000w-autonomia-de-70-km\/\" class=\"wc-block-grid__product-link\">\n\t\t\t\t\t<div class=\"wc-block-grid__product-onsale\">\n\t\t\t<span aria-hidden=\"true\">Oferta<\/span>\n\t\t\t<span class=\"screen-reader-text\">Producto en oferta<\/span>\n\t\t<\/div>\n\t\t\t\t\t<div class=\"wc-block-grid__product-image\"><img loading=\"lazy\" decoding=\"async\" width=\"350\" height=\"343\" src=\"https:\/\/elscooterspain.com\/wp-content\/uploads\/2025\/12\/elmoped-Douche-PINTO-3000W-350x343.png\" class=\"attachment-woocommerce_thumbnail size-woocommerce_thumbnail\" alt=\"Moto el\u00e9ctrica DOUCHE PINTO 3000W - autonom\u00eda de 70 km\" srcset=\"https:\/\/elscooterspain.com\/wp-content\/uploads\/2025\/12\/elmoped-Douche-PINTO-3000W-350x343.png 350w, https:\/\/elscooterspain.com\/wp-content\/uploads\/2025\/12\/elmoped-Douche-PINTO-3000W-300x294.png 300w, https:\/\/elscooterspain.com\/wp-content\/uploads\/2025\/12\/elmoped-Douche-PINTO-3000W-768x752.png 768w, https:\/\/elscooterspain.com\/wp-content\/uploads\/2025\/12\/elmoped-Douche-PINTO-3000W-510x500.png 510w, https:\/\/elscooterspain.com\/wp-content\/uploads\/2025\/12\/elmoped-Douche-PINTO-3000W.png 839w\" sizes=\"auto, (max-width: 350px) 100vw, 350px\" title=\"\"><\/div>\n\t\t\t\t\t<div class=\"wc-block-grid__product-title\">Moto el\u00e9ctrica DOUCHE PINTO 3000W &#8211; autonom\u00eda de 70 km<\/div>\n\t\t\t\t<\/a>\n\t\t\t\t<div class=\"wc-block-grid__product-price price\"><del aria-hidden=\"true\"><span class=\"woocommerce-Price-amount amount\"><span class=\"woocommerce-Price-currencySymbol\">&euro;<\/span>3000<\/span><\/del> <span class=\"screen-reader-text\">El precio original era: &euro;3000.<\/span><ins aria-hidden=\"true\"><span class=\"woocommerce-Price-amount amount\"><span class=\"woocommerce-Price-currencySymbol\">&euro;<\/span>2600<\/span><\/ins><span class=\"screen-reader-text\">El precio actual es: &euro;2600.<\/span><\/div>\n\t\t\t\t\n\t\t\t\t<div class=\"wp-block-button wc-block-grid__product-add-to-cart\"><a href=\"\/es\/wp-json\/wp\/v2\/pages\/3743?add-to-cart=4332\" aria-label=\"A\u00f1adir al carrito: &ldquo;Moto el\u00e9ctrica DOUCHE PINTO 3000W - autonom\u00eda de 70 km&rdquo;\" data-quantity=\"1\" data-product_id=\"4332\" data-product_sku=\"\" data-price=\"2600\" rel=\"nofollow\" class=\"wp-block-button__link  add_to_cart_button ajax_add_to_cart\">A\u00f1adir al carrito<\/a><\/div>\n\t\t\t<\/li><li class=\"wc-block-grid__product\">\n\t\t\t\t<a href=\"https:\/\/elscooterspain.com\/es\/produkt\/teverun-blade-gt-ii\/\" class=\"wc-block-grid__product-link\">\n\t\t\t\t\t\n\t\t\t\t\t<div class=\"wc-block-grid__product-image\"><img loading=\"lazy\" decoding=\"async\" width=\"350\" height=\"525\" src=\"https:\/\/elscooterspain.com\/wp-content\/uploads\/2025\/10\/9-350x525.png\" class=\"attachment-woocommerce_thumbnail size-woocommerce_thumbnail\" alt=\"TEVERUN Blade GT II\" srcset=\"https:\/\/elscooterspain.com\/wp-content\/uploads\/2025\/10\/9-350x525.png 350w, https:\/\/elscooterspain.com\/wp-content\/uploads\/2025\/10\/9-510x765.png 510w, https:\/\/elscooterspain.com\/wp-content\/uploads\/2025\/10\/9-200x300.png 200w, https:\/\/elscooterspain.com\/wp-content\/uploads\/2025\/10\/9-683x1024.png 683w, https:\/\/elscooterspain.com\/wp-content\/uploads\/2025\/10\/9-768x1152.png 768w, https:\/\/elscooterspain.com\/wp-content\/uploads\/2025\/10\/9-1024x1536.png 1024w\" sizes=\"auto, (max-width: 350px) 100vw, 350px\" title=\"\"><\/div>\n\t\t\t\t\t<div class=\"wc-block-grid__product-title\">TEVERUN Blade GT II<\/div>\n\t\t\t\t<\/a>\n\t\t\t\t<div class=\"wc-block-grid__product-price price\"><span class=\"woocommerce-Price-amount amount\"><span class=\"woocommerce-Price-currencySymbol\">&euro;<\/span>1900<\/span><\/div>\n\t\t\t\t\n\t\t\t\t<div class=\"wp-block-button wc-block-grid__product-add-to-cart\"><a href=\"https:\/\/elscooterspain.com\/es\/produkt\/teverun-blade-gt-ii\/\" aria-label=\"Lee m\u00e1s sobre &ldquo;TEVERUN Blade GT II&rdquo;\" data-quantity=\"1\" data-product_id=\"4282\" data-product_sku=\"\" data-price=\"1900\" rel=\"nofollow\" class=\"wp-block-button__link  add_to_cart_button\">Leer m\u00e1s<\/a><\/div>\n\t\t\t<\/li><\/ul><\/div><\/div>\n<\/div>\n","protected":false},"excerpt":{"rendered":"","protected":false},"author":2,"featured_media":0,"parent":0,"menu_order":3,"comment_status":"closed","ping_status":"closed","template":"","meta":{"footnotes":""},"class_list":["post-3743","page","type-page","status-publish","hentry"],"_links":{"self":[{"href":"https:\/\/elscooterspain.com\/es\/wp-json\/wp\/v2\/pages\/3743","targetHints":{"allow":["GET"]}}],"collection":[{"href":"https:\/\/elscooterspain.com\/es\/wp-json\/wp\/v2\/pages"}],"about":[{"href":"https:\/\/elscooterspain.com\/es\/wp-json\/wp\/v2\/types\/page"}],"author":[{"embeddable":true,"href":"https:\/\/elscooterspain.com\/es\/wp-json\/wp\/v2\/users\/2"}],"replies":[{"embeddable":true,"href":"https:\/\/elscooterspain.com\/es\/wp-json\/wp\/v2\/comments?post=3743"}],"version-history":[{"count":0,"href":"https:\/\/elscooterspain.com\/es\/wp-json\/wp\/v2\/pages\/3743\/revisions"}],"wp:attachment":[{"href":"https:\/\/elscooterspain.com\/es\/wp-json\/wp\/v2\/media?parent=3743"}],"curies":[{"name":"wp","href":"https:\/\/api.w.org\/{rel}","templated":true}]}}