{"id":3758,"date":"2019-11-27T18:23:44","date_gmt":"2019-11-27T17:23:44","guid":{"rendered":"https:\/\/elscooterspain.com\/sobre-nosotros\/"},"modified":"2025-10-17T10:06:22","modified_gmt":"2025-10-17T08:06:22","slug":"sobre-nosotros","status":"publish","type":"page","link":"https:\/\/elscooterspain.com\/es\/sobre-nosotros\/","title":{"rendered":"Sobre nosotros"},"content":{"rendered":"\t<section class=\"section\" id=\"section_375538411\">\n\t\t<div class=\"bg section-bg fill bg-fill  bg-loaded\" >\n\n\t\t\t\n\t\t\t\n\t\t\t\n\n\t\t<\/div>\n\n\t\t<div class=\"section-content relative\">\n\t\t\t\n\t<div id=\"gap-809100459\" class=\"gap-element clearfix\" style=\"display:block; height:auto;\">\n\t\t\n<style>\n#gap-809100459 {\n  padding-top: 50px;\n}\n<\/style>\n\t<\/div>\n\t\n<div class=\"row align-center\"  id=\"row-460454524\">\n\n\t<div id=\"col-543473024\" class=\"col medium-4 small-10 large-4\"  >\n\t\t\t\t<div class=\"col-inner\"  >\n\t\t\t\n\t\t\t\n<h1><span style=\"font-size: 150%;\">Sobre nosotros<\/span><\/h1>\n\t\t<\/div>\n\t\t\t\t\n<style>\n#col-543473024 > .col-inner {\n  padding: 0px 40px 0px 0px;\n}\n<\/style>\n\t<\/div>\n\n\t\n\n\t<div id=\"col-1230258649\" class=\"col medium-8 small-10 large-8\"  >\n\t\t\t\t<div class=\"col-inner\"  >\n\t\t\t\n\t\t\t\n<p>Bienvenido a Elscooter Spain, tu principal destino para veh\u00edculos el\u00e9ctricos que combinan un rendimiento impresionante con una calidad excepcional. Estamos orgullosos de ofrecer modelos cuidadosamente seleccionados, probados y creados para superar las expectativas, y todos nuestros productos est\u00e1n seleccionados a mano para soportar las exigentes condiciones del clima escandinavo. <\/p>\n<p>Elscooter Spain es m\u00e1s que una empresa: somos apasionados y nos impulsa la convicci\u00f3n de que la calidad y el rendimiento son componentes clave en cada veh\u00edculo el\u00e9ctrico que entregamos. Nuestra propia marca, Douche, ofrece bicicletas con calidad y rendimiento. <\/p>\n<p>Entendemos que los clientes satisfechos son nuestro principal objetivo. Por lo tanto, siempre nos esforzamos por superar tus expectativas y estamos dedicados a responder a tus preguntas y brindarte el soporte que necesitas para que tu experiencia sea lo mejor posible. <\/p>\n<p>El fundador, Marcus Bj\u00f6rndahl, que dirige Elscooter Spain, se mantiene fiel a la visi\u00f3n de ofrecer la m\u00e1s alta calidad y rendimiento. Nuestra tienda, ubicada en Brunnsgatan 7 en J\u00f6nk\u00f6ping, es un lugar donde puedes experimentar y probar nuestra impresionante gama de veh\u00edculos el\u00e9ctricos. Tambi\u00e9n tenemos almacenes para recogida y pruebas de conducci\u00f3n en varias ciudades, incluidas Estocolmo, Gotemburgo, Malm\u00f6, V\u00e4ster\u00e5s y J\u00f6nk\u00f6ping, y tambi\u00e9n entregamos a domicilio en toda la UE.  <\/p>\n<p>\u00bfPor qu\u00e9 elegir veh\u00edculos el\u00e9ctricos de Elscooter Spain? Para experimentar agilidad, rendimiento, calidad y respeto por el medio ambiente en cada viaje. Perfectos para, por ejemplo, entornos urbanos y como veh\u00edculos de cercan\u00edas fiables hacia y desde el trabajo. Evita los atascos y avanza silenciosamente con un veh\u00edculo el\u00e9ctrico que esperamos supere tus expectativas. Bienvenido a un mundo de calidad y rendimiento en Elscooter Spain.     <\/p>\n<p><b>Sobre Douche<\/b><\/p>\n<p>Bienvenido a Douche, una serie pionera de bicicletas el\u00e9ctricas y patinetes el\u00e9ctricos que encarnan la superioridad y un rendimiento impresionante. Estamos orgullosos de presentar esta emocionante marca que lleva la experiencia de los veh\u00edculos el\u00e9ctricos a un nivel completamente nuevo. <\/p>\n<p>Douche representa veh\u00edculos el\u00e9ctricos innovadores y est\u00e1 creada para superar todas las expectativas. Nuestros productos son m\u00e1s que simples medios de transporte: son compa\u00f1eros poderosos que ofrecen una capacidad y un rendimiento excepcionales. <\/p>\n<p>Cada bicicleta el\u00e9ctrica y patinete el\u00e9ctrico de Douche est\u00e1 cuidadosamente dise\u00f1ado para brindar un rendimiento sorprendente. Creemos en superar los l\u00edmites de lo que es posible dentro de la industria de los veh\u00edculos el\u00e9ctricos y nuestros productos son la prueba de la b\u00fasqueda constante de calidad y rendimiento. <\/p>\n<p>Douche es m\u00e1s que una marca; es un viaje hacia una tecnolog\u00eda de veh\u00edculos el\u00e9ctricos potente, confiable e impresionante. Experimenta el futuro de la movilidad con Douche y deja que cada viaje se convierta en una aventura. Bienvenido a una nueva era de veh\u00edculos el\u00e9ctricos con Douche, donde el rendimiento y la capacidad se unen en perfecta armon\u00eda.  <\/p>\n\t\t<\/div>\n\t\t\t\t\t<\/div>\n\n\t\n<\/div>\n<div class=\"row align-center\"  id=\"row-17982326\">\n\n\t<div id=\"col-460196223\" class=\"col medium-4 small-12 large-4\"  >\n\t\t\t\t<div class=\"col-inner\"  >\n\t\t\t\n\t\t\t\n<a href=\"https:\/\/elscooterspain.com\/es\/\" target=\"_self\" class=\"button primary\"  >\n    <span>Ir a la p\u00e1gina de inicio<\/span>\n  <\/a>\n\n\t\t<\/div>\n\t\t\t\t\t<\/div>\n\n\t\n<\/div>\n\t\t<\/div>\n\n\t\t\n<style>\n#section_375538411 {\n  padding-top: 20px;\n  padding-bottom: 20px;\n}\n<\/style>\n\t<\/section>\n\t\n","protected":false},"excerpt":{"rendered":"","protected":false},"author":1,"featured_media":0,"parent":0,"menu_order":14,"comment_status":"closed","ping_status":"closed","template":"page-blank.php","meta":{"footnotes":""},"class_list":["post-3758","page","type-page","status-publish","hentry"],"_links":{"self":[{"href":"https:\/\/elscooterspain.com\/es\/wp-json\/wp\/v2\/pages\/3758","targetHints":{"allow":["GET"]}}],"collection":[{"href":"https:\/\/elscooterspain.com\/es\/wp-json\/wp\/v2\/pages"}],"about":[{"href":"https:\/\/elscooterspain.com\/es\/wp-json\/wp\/v2\/types\/page"}],"author":[{"embeddable":true,"href":"https:\/\/elscooterspain.com\/es\/wp-json\/wp\/v2\/users\/1"}],"replies":[{"embeddable":true,"href":"https:\/\/elscooterspain.com\/es\/wp-json\/wp\/v2\/comments?post=3758"}],"version-history":[{"count":0,"href":"https:\/\/elscooterspain.com\/es\/wp-json\/wp\/v2\/pages\/3758\/revisions"}],"wp:attachment":[{"href":"https:\/\/elscooterspain.com\/es\/wp-json\/wp\/v2\/media?parent=3758"}],"curies":[{"name":"wp","href":"https:\/\/api.w.org\/{rel}","templated":true}]}}