{"id":3765,"date":"2019-11-20T21:42:55","date_gmt":"2019-11-20T20:42:55","guid":{"rendered":"https:\/\/elscooterspain.com\/pedido\/"},"modified":"2025-12-04T13:36:53","modified_gmt":"2025-12-04T12:36:53","slug":"pedido","status":"publish","type":"page","link":"https:\/\/elscooterspain.com\/es\/pedido\/","title":{"rendered":"Pedido"},"content":{"rendered":"\t<section class=\"section\" id=\"section_1676612997\">\n\t\t<div class=\"bg section-bg fill bg-fill  bg-loaded\" >\n\n\t\t\t\n\t\t\t\n\t\t\t\n\n\t\t<\/div>\n\n\t\t<div class=\"section-content relative\">\n\t\t\t\n<div class=\"row\"  id=\"row-1558449379\">\n\n\t<div id=\"col-1117706036\" class=\"col small-12 large-12\"  >\n\t\t\t\t<div class=\"col-inner\"  >\n\t\t\t\n\t\t\t\n<h1 style=\"text-align: left;\"><span class=\"\">T\u00e9rminos y pedido<\/span><\/h1>\n<h2 style=\"text-align: left;\"><strong>Pedido<\/strong><\/h2>\n<p style=\"text-align: left;\">Usted encarga su producto en la p\u00e1gina web a\u00f1adiendo el producto deseado a la cesta de la compra. A continuaci\u00f3n, pulse en \u00abIr a la caja\u00bb. Pague con tarjeta si es un particular rellenando los datos de su tarjeta en la casilla. A continuaci\u00f3n, haga clic en finalizar compra. Firma con BankID. Vuelve a la p\u00e1gina donde realizaste el pedido. El pedido se confirmar\u00e1 y ahora aparecer\u00e1 \u00abGracias por tu compra\u00bb junto con un n\u00famero de pedido.   Recibir\u00e1 un correo electr\u00f3nico con la confirmaci\u00f3n de su pedido, que tambi\u00e9n funciona como recibo. La garant\u00eda viene con la compra, es decir, 12 meses de garant\u00eda.<\/p>\n<h2 style=\"text-align: left;\"><span class=\"\"><strong>Derecho de desistimiento<\/strong><\/span><\/h2>\n<p class=\"\" style=\"text-align: left;\"><span class=\"\">Derecho de desistimiento y devoluci\u00f3n del dinero si el producto <strong>no<\/strong> se ha utilizado. El cliente corre con los gastos de env\u00edo de la devoluci\u00f3n. Derecho de desistimiento de 14 d\u00edas.<\/span><\/p>\n<h2 style=\"text-align: left;\"><strong>Entrega<\/strong><\/h2>\n<p style=\"text-align: left;\"><span class=\"\">Los precios incluyen el env\u00edo a toda la UE. El producto se env\u00eda directamente a su domicilio. Todos los productos est\u00e1n montados al 99%. <\/span><\/p>\n<p style=\"text-align: left;\"><span class=\"\"><strong>Puede recoger las bicicletas el\u00e9ctricas en La Herradura. Quedan pocas bicicletas. P\u00f3ngase en contacto con nosotros para obtener informaci\u00f3n m\u00e1s precisa<\/strong> <a href=\"mailto:info@elscooterspain.com\">info@elscooterspain.com<\/a><\/span><\/p>\n<h2 style=\"text-align: left;\"><strong>Garant\u00eda<\/strong><\/h2>\n<p class=\"\" style=\"text-align: left;\"><span class=\"\">12 meses de garant\u00eda<\/span><\/p>\n\t\t<\/div>\n\t\t\t\t\t<\/div>\n\n\t\n<\/div>\n<div class=\"row\"  id=\"row-1021664795\">\n\n\t<div id=\"col-2078893505\" class=\"col small-12 large-12\"  >\n\t\t\t\t<div class=\"col-inner text-center\"  >\n\t\t\t\n\t\t\t\n<a href=\"https:\/\/elscooterspain.com\/es\/\" target=\"_self\" class=\"button primary\"  >\n    <span>Atr\u00e1s<\/span>\n  <\/a>\n\n\t\t<\/div>\n\t\t\t\t\t<\/div>\n\n\t\n<\/div>\n\t\t<\/div>\n\n\t\t\n<style>\n#section_1676612997 {\n  padding-top: 30px;\n  padding-bottom: 30px;\n}\n<\/style>\n\t<\/section>\n\t\n","protected":false},"excerpt":{"rendered":"","protected":false},"author":1,"featured_media":0,"parent":0,"menu_order":15,"comment_status":"closed","ping_status":"closed","template":"page-blank.php","meta":{"footnotes":""},"class_list":["post-3765","page","type-page","status-publish","hentry"],"_links":{"self":[{"href":"https:\/\/elscooterspain.com\/es\/wp-json\/wp\/v2\/pages\/3765","targetHints":{"allow":["GET"]}}],"collection":[{"href":"https:\/\/elscooterspain.com\/es\/wp-json\/wp\/v2\/pages"}],"about":[{"href":"https:\/\/elscooterspain.com\/es\/wp-json\/wp\/v2\/types\/page"}],"author":[{"embeddable":true,"href":"https:\/\/elscooterspain.com\/es\/wp-json\/wp\/v2\/users\/1"}],"replies":[{"embeddable":true,"href":"https:\/\/elscooterspain.com\/es\/wp-json\/wp\/v2\/comments?post=3765"}],"version-history":[{"count":0,"href":"https:\/\/elscooterspain.com\/es\/wp-json\/wp\/v2\/pages\/3765\/revisions"}],"wp:attachment":[{"href":"https:\/\/elscooterspain.com\/es\/wp-json\/wp\/v2\/media?parent=3765"}],"curies":[{"name":"wp","href":"https:\/\/api.w.org\/{rel}","templated":true}]}}