{"id":3815,"date":"2024-11-22T10:34:38","date_gmt":"2024-11-22T09:34:38","guid":{"rendered":"https:\/\/elscooterspain.com\/produkt\/douche-twodi-1600w-alcance-60km\/"},"modified":"2024-11-22T10:34:38","modified_gmt":"2024-11-22T09:34:38","slug":"douche-twodi-1600w-alcance-60km","status":"publish","type":"product","link":"https:\/\/elscooterspain.com\/es\/produkt\/douche-twodi-1600w-alcance-60km\/","title":{"rendered":"DOUCHE TwODI &#8211; 1600W &#8211; Alcance 60km"},"content":{"rendered":"<h2>Patinete el\u00e9ctrico robusto y bien construido con un chasis resistente que soporta tensiones. Buen rendimiento del motor de 800W en la rueda trasera y 800W en la rueda delantera, lo que te permite subir f\u00e1cilmente las cuestas y ofrece una velocidad m\u00e1xima de 45 km\/h. El peso m\u00e1ximo es de 130 kg. Pantalla LCD a color. Frenos mec\u00e1nicos con discos de freno delanteros y traseros. Amplia plataforma para que ambos pies est\u00e9n c\u00f3modos.     <\/h2>\n<h2>DOUCHE TwODI 1600W (800W Delantero + 800W Trasero)<\/h2>\n<p>&nbsp;<\/p>\n<p>Especificaciones:<\/p>\n<ul>\n<li>Bater\u00eda: 48V 20.8AH<\/li>\n<li>Alcance: M\u00e1x. 60km<\/li>\n<li>Velocidad m\u00e1xima: 25km\/h (m\u00e1x. 55)<\/li>\n<li>Motor: 1600W (Tracci\u00f3n a dos ruedas 800W + 800W)<\/li>\n<li>Chasis: Aluminio<\/li>\n<li>Frenos: Mec\u00e1nicos con discos de freno<\/li>\n<li>Amortiguaci\u00f3n: Delantera y trasera<\/li>\n<li>Neum\u00e1ticos de 10\u2033 (sin c\u00e1mara) Neum\u00e1ticos todoterreno con dibujo grueso.<\/li>\n<li>Peso m\u00e1ximo: 130kg<\/li>\n<li>Tiempo de carga: 9 horas<\/li>\n<li>Tama\u00f1o: 1160 x 620 x 1200 (Desplegado) \u2013 1160 x 620 x 540 (Plegado)<\/li>\n<li>Peso: 26.6kg<\/li>\n<li>Pantalla LCD<\/li>\n<li>Control de crucero<\/li>\n<li>Intermitentes<\/li>\n<li>Timbre<\/li>\n<li>Luz delantera y trasera con luz de freno<\/li>\n<li>Iluminaci\u00f3n LED en los laterales, lo que proporciona mayor visibilidad en la oscuridad<\/li>\n<li>Cerradura de encendido con llave<\/li>\n<li>Volt\u00edmetro<\/li>\n<li>Acelerador de pulgar<\/li>\n<li>Limitado a 25 km\/h en el momento de la entrega<\/li>\n<li>Se conduce como un ciclomotor de clase 2<\/li>\n<li>Resistente al agua: IP65, es decir, alta resistencia al agua<\/li>\n<\/ul>\n<p>&nbsp;<\/p>\n<p><iframe loading=\"lazy\" title=\"Reproductor de v\u00eddeo de YouTube\" src=\"https:\/\/www.youtube.com\/embed\/VqOPrYJhhMs?si=kJX0KR5MxqMWjKFf\" width=\"560\" height=\"315\" frameborder=\"0\" allowfullscreen=\"allowfullscreen\"><\/iframe><\/p>\n","protected":false},"excerpt":{"rendered":"<h2>DOUCHE TwODI<\/h2>\n","protected":false},"featured_media":3651,"comment_status":"open","ping_status":"closed","template":"","meta":[],"product_brand":[],"product_cat":[44],"product_tag":[],"class_list":{"0":"post-3815","1":"product","2":"type-product","3":"status-publish","4":"has-post-thumbnail","6":"product_cat-patinete-electrico","8":"first","9":"instock","10":"purchasable","11":"product-type-simple"},"_links":{"self":[{"href":"https:\/\/elscooterspain.com\/es\/wp-json\/wp\/v2\/product\/3815","targetHints":{"allow":["GET"]}}],"collection":[{"href":"https:\/\/elscooterspain.com\/es\/wp-json\/wp\/v2\/product"}],"about":[{"href":"https:\/\/elscooterspain.com\/es\/wp-json\/wp\/v2\/types\/product"}],"replies":[{"embeddable":true,"href":"https:\/\/elscooterspain.com\/es\/wp-json\/wp\/v2\/comments?post=3815"}],"wp:featuredmedia":[{"embeddable":true,"href":"https:\/\/elscooterspain.com\/es\/wp-json\/wp\/v2\/media\/3651"}],"wp:attachment":[{"href":"https:\/\/elscooterspain.com\/es\/wp-json\/wp\/v2\/media?parent=3815"}],"wp:term":[{"taxonomy":"product_brand","embeddable":true,"href":"https:\/\/elscooterspain.com\/es\/wp-json\/wp\/v2\/product_brand?post=3815"},{"taxonomy":"product_cat","embeddable":true,"href":"https:\/\/elscooterspain.com\/es\/wp-json\/wp\/v2\/product_cat?post=3815"},{"taxonomy":"product_tag","embeddable":true,"href":"https:\/\/elscooterspain.com\/es\/wp-json\/wp\/v2\/product_tag?post=3815"}],"curies":[{"name":"wp","href":"https:\/\/api.w.org\/{rel}","templated":true}]}}