{"id":3821,"date":"2025-03-11T11:40:37","date_gmt":"2025-03-11T10:40:37","guid":{"rendered":"https:\/\/elscooterspain.com\/produkt\/bicicleta-electrica-douchebike-750w-limpan-60km-de-autonomia\/"},"modified":"2025-03-11T11:40:37","modified_gmt":"2025-03-11T10:40:37","slug":"bicicleta-electrica-douchebike-750w-limpan-60km-de-autonomia","status":"publish","type":"product","link":"https:\/\/elscooterspain.com\/es\/produkt\/bicicleta-electrica-douchebike-750w-limpan-60km-de-autonomia\/","title":{"rendered":"Bicicleta el\u00e9ctrica DOUCHEBIKE 750W Limpan &#8211; 60km de autonom\u00eda"},"content":{"rendered":"<h2>Bicicleta el\u00e9ctrica DOUCHEBIKE 750W Limpan<\/h2>\n<p>Material: Aluminio<\/p>\n<p>Potencia del motor: 750W<\/p>\n<p>Bater\u00eda: Litio 48V\/15Ah<\/p>\n<p>Cambios: 7 velocidades Shimano<\/p>\n<p>Neum\u00e1ticos: CST 20*4.0<\/p>\n<p>Frenos: Freno de disco<\/p>\n<p>M\u00e1xima inclinaci\u00f3n en ascenso: 30\u00b0<\/p>\n<p>Velocidad m\u00e1xima: 25 km\/h (m\u00e1x. 40 km\/h)<\/p>\n<p>Autonom\u00eda con asistencia: 60 km<\/p>\n<p>Peso de la bater\u00eda: 4,5 kg<\/p>\n<p>Iluminaci\u00f3n delantera y trasera<\/p>\n<p>Guardabarros delantero y trasero<\/p>\n<p>Pantalla LCD<\/p>\n","protected":false},"excerpt":{"rendered":"<h2>Bicicleta el\u00e9ctrica DOUCHEBIKE 750W Limpan<\/h2>\n","protected":false},"featured_media":3822,"comment_status":"open","ping_status":"closed","template":"","meta":[],"product_brand":[],"product_cat":[45],"product_tag":[],"class_list":{"0":"post-3821","1":"product","2":"type-product","3":"status-publish","4":"has-post-thumbnail","6":"product_cat-bicicletas-electricas","8":"first","9":"outofstock","10":"purchasable","11":"product-type-simple"},"_links":{"self":[{"href":"https:\/\/elscooterspain.com\/es\/wp-json\/wp\/v2\/product\/3821","targetHints":{"allow":["GET"]}}],"collection":[{"href":"https:\/\/elscooterspain.com\/es\/wp-json\/wp\/v2\/product"}],"about":[{"href":"https:\/\/elscooterspain.com\/es\/wp-json\/wp\/v2\/types\/product"}],"replies":[{"embeddable":true,"href":"https:\/\/elscooterspain.com\/es\/wp-json\/wp\/v2\/comments?post=3821"}],"wp:featuredmedia":[{"embeddable":true,"href":"https:\/\/elscooterspain.com\/es\/wp-json\/wp\/v2\/media\/3822"}],"wp:attachment":[{"href":"https:\/\/elscooterspain.com\/es\/wp-json\/wp\/v2\/media?parent=3821"}],"wp:term":[{"taxonomy":"product_brand","embeddable":true,"href":"https:\/\/elscooterspain.com\/es\/wp-json\/wp\/v2\/product_brand?post=3821"},{"taxonomy":"product_cat","embeddable":true,"href":"https:\/\/elscooterspain.com\/es\/wp-json\/wp\/v2\/product_cat?post=3821"},{"taxonomy":"product_tag","embeddable":true,"href":"https:\/\/elscooterspain.com\/es\/wp-json\/wp\/v2\/product_tag?post=3821"}],"curies":[{"name":"wp","href":"https:\/\/api.w.org\/{rel}","templated":true}]}}