{"id":3832,"date":"2024-11-20T15:49:49","date_gmt":"2024-11-20T14:49:49","guid":{"rendered":"https:\/\/elscooterspain.com\/produkt\/douche-750w-alcance-70km\/"},"modified":"2024-11-20T15:49:49","modified_gmt":"2024-11-20T14:49:49","slug":"douche-750w-alcance-70km","status":"publish","type":"product","link":"https:\/\/elscooterspain.com\/es\/produkt\/douche-750w-alcance-70km\/","title":{"rendered":"DOUCHE 750W &#8211; Alcance 70km"},"content":{"rendered":"<h2><strong>DOUCHE 750W <\/strong><b>E<\/b><b>specificaciones:<\/b><\/h2>\n<p>+ Motor el\u00e9ctrico: QS 750 vatios. \u00a1Motor muy potente! <\/p>\n<p>+ Bater\u00eda: Litio A-grade 48V\/18AH<\/p>\n<p>+ <strong>Alcance: 70 km<\/strong> en condiciones \u00f3ptimas<\/p>\n<p><span class=\"colour\"><span class=\"oneComWebmail-font\"><span class=\"size\">+ Velocidad: 25 km\/h. (M\u00e1x. 45) <\/span><\/span><\/span><\/p>\n<p>+ Acelerador de pu\u00f1o en el mango derecho<\/p>\n<p>+ La bicicleta es adecuada para una altura de 165-190 cm<\/p>\n<p>+ Shimano 7 velocidades Tourney<\/p>\n<p>+ Cuadro de aluminio, plegable por la mitad<\/p>\n<p>+ Frenos mec\u00e1nicos con discos de freno<\/p>\n<p>+ Se conduce como ciclomotor de clase 2<\/p>\n<p>+ Novedad: Neum\u00e1ticos <strong>KENDA SPORT 20*4\u201d<\/strong>. Los neum\u00e1ticos de 10 cm de ancho ofrecen un agarre \u00f3ptimo durante todo el a\u00f1o. <\/p>\n<p>+<strong> Novedad: Llantas de aluminio negras. SIN RADIOS.<\/strong><\/p>\n<p>+ Dimensiones: Altura del manillar 105-115 cm, Altura del sill\u00edn 70-110 cm, Longitud 157 cm<\/p>\n<p>+ Dimensiones plegada: 85l*45b*75h cm<\/p>\n<p>+ F\u00e1cil de quitar la bater\u00eda y cargarla por separado.<\/p>\n<p>+ Bater\u00eda con cerradura. Tiempo de carga: 8,5 horas. <\/p>\n<p>+ Peso: 26 kg<\/p>\n<p>+ Peso m\u00e1ximo: 120 kg<\/p>\n<p>+ Se puede pedir con o sin logotipo en la bicicleta<\/p>\n<p>+ Portaequipajes<\/p>\n<p>+ Cesta de bicicleta delantera incluida<\/p>\n<p>+ Bolsa en el manillar incluida<\/p>\n<p>+ Iluminaci\u00f3n LED delantera y luz trasera<\/p>\n<p>+ Guardabarros delantero y trasero.<\/p>\n<p>+ Soporte para m\u00f3vil y puerto de carga (USB) desde la pantalla<\/p>\n<p>+ Cargador 220 Voltios<\/p>\n<p>+ Resistente al agua \u2013 S\u00cd. IP65 <\/p>\n<p>&nbsp;<\/p>\n<h3><strong>Dise\u00f1o y funcionalidad de la bicicleta el\u00e9ctrica DOUCHEBIKE 750W<\/strong><\/h3>\n<ul>\n<li><strong>Motor y bater\u00eda:<\/strong> La bicicleta el\u00e9ctrica DOUCHEBIKE 750W est\u00e1 equipada con un potente motor QS de 750 vatios que proporciona una gran potencia incluso en las cuestas m\u00e1s pronunciadas. Su bater\u00eda de litio A-Grade de alta calidad (48V\/15AH) garantiza una autonom\u00eda de 50 km en modo eco, perfecta para viajes largos o desplazamientos diarios. <\/li>\n<li><strong>Flexibilidad en la conducci\u00f3n:<\/strong> La bicicleta ofrece la posibilidad de elegir entre asistencia el\u00e9ctrica a trav\u00e9s de los pedales o simplemente utilizar el acelerador para una conducci\u00f3n c\u00f3moda y sin esfuerzo. Esto la hace ideal para terrenos variados y preferencias del ciclista. <\/li>\n<li><strong>Comodidad y adaptabilidad:<\/strong> Con un sill\u00edn ancho y blando, suspensi\u00f3n en la tija del sill\u00edn y amortiguadores delanteros, esta bicicleta est\u00e1 dise\u00f1ada para la m\u00e1xima comodidad. El manillar ajustable permite adaptar la bicicleta a tu altura y estilo de conducci\u00f3n deseado. <\/li>\n<li><strong>Pr\u00e1ctica y f\u00e1cil de transportar:<\/strong> Una de las caracter\u00edsticas m\u00e1s singulares de la DOUCHEBIKE 750W es su capacidad para plegarse f\u00e1cilmente por la mitad, lo que facilita su transporte y almacenamiento.<\/li>\n<\/ul>\n<h3><strong>Seguridad y durabilidad<\/strong><\/h3>\n<p>La bicicleta el\u00e9ctrica DOUCHEBIKE 750W HERR prioriza la seguridad del usuario. Est\u00e1 equipada con frenos mec\u00e1nicos con discos de freno para una capacidad de frenado fiable. Adem\u00e1s, la bicicleta est\u00e1 clasificada como ciclomotor de clase 2, lo que subraya su robustez y fiabilidad en la carretera.  <\/p>\n<p><strong>Especificaciones t\u00e9cnicas y accesorios:<\/strong><\/p>\n<ul>\n<li><strong>Dimensiones y peso:<\/strong> La bicicleta tiene un tama\u00f1o compacto con las dimensiones (Altura del manillar 105-115 cm, Altura del sill\u00edn 70-110 cm, Longitud 157 cm) y pesa solo 26 kg. Puede soportar un peso m\u00e1ximo de 120 kg. <\/li>\n<li><strong>Accesorios y utilidad:<\/strong> Con extras como un portaequipajes, cesta de bicicleta, bolsa de manillar, iluminaci\u00f3n LED y guardabarros, la bicicleta el\u00e9ctrica DOUCHEBIKE 750W est\u00e1 equipada para todas tus necesidades. Adem\u00e1s, cuenta con un pr\u00e1ctico soporte para m\u00f3vil con puerto de carga USB, lo que facilita mantener tu dispositivo cargado sobre la marcha. <\/li>\n<\/ul>\n<h3><strong>Opciones de personalizaci\u00f3n y entrega<\/strong><\/h3>\n<ul>\n<li><strong>Personalizaci\u00f3n:<\/strong> Puedes elegir pedir tu bicicleta el\u00e9ctrica DOUCHEBIKE 750W con o sin logotipo, lo que te da la oportunidad de personalizar tu bicicleta.<\/li>\n<li><strong>Entrega y disponibilidad:<\/strong> La bicicleta est\u00e1 disponible para entrega dentro de la UE con un plazo de entrega de 7 d\u00edas laborables, con env\u00edo gratuito. Tambi\u00e9n est\u00e1 disponible para su recogida en varios lugares de Suecia, incluyendo Fr\u00f6lunda, Estocolmo y Malm\u00f6. <\/li>\n<\/ul>\n<p>La bicicleta el\u00e9ctrica DOUCHEBIKE 750W HERR de Elscooter Sweden es m\u00e1s que una simple bicicleta el\u00e9ctrica; es un s\u00edmbolo de libertad y flexibilidad en tu vida diaria. Con su potente motor, dise\u00f1o f\u00e1cil de usar y funciones vers\u00e1tiles, es la compa\u00f1era perfecta para todas tus aventuras. <\/p>\n","protected":false},"excerpt":{"rendered":"<p>DOUCHE 750W<\/p>\n","protected":false},"featured_media":3625,"comment_status":"open","ping_status":"closed","template":"","meta":[],"product_brand":[],"product_cat":[45],"product_tag":[],"class_list":{"0":"post-3832","1":"product","2":"type-product","3":"status-publish","4":"has-post-thumbnail","6":"product_cat-bicicletas-electricas","8":"first","9":"outofstock","10":"sale","11":"purchasable","12":"product-type-simple"},"_links":{"self":[{"href":"https:\/\/elscooterspain.com\/es\/wp-json\/wp\/v2\/product\/3832","targetHints":{"allow":["GET"]}}],"collection":[{"href":"https:\/\/elscooterspain.com\/es\/wp-json\/wp\/v2\/product"}],"about":[{"href":"https:\/\/elscooterspain.com\/es\/wp-json\/wp\/v2\/types\/product"}],"replies":[{"embeddable":true,"href":"https:\/\/elscooterspain.com\/es\/wp-json\/wp\/v2\/comments?post=3832"}],"wp:featuredmedia":[{"embeddable":true,"href":"https:\/\/elscooterspain.com\/es\/wp-json\/wp\/v2\/media\/3625"}],"wp:attachment":[{"href":"https:\/\/elscooterspain.com\/es\/wp-json\/wp\/v2\/media?parent=3832"}],"wp:term":[{"taxonomy":"product_brand","embeddable":true,"href":"https:\/\/elscooterspain.com\/es\/wp-json\/wp\/v2\/product_brand?post=3832"},{"taxonomy":"product_cat","embeddable":true,"href":"https:\/\/elscooterspain.com\/es\/wp-json\/wp\/v2\/product_cat?post=3832"},{"taxonomy":"product_tag","embeddable":true,"href":"https:\/\/elscooterspain.com\/es\/wp-json\/wp\/v2\/product_tag?post=3832"}],"curies":[{"name":"wp","href":"https:\/\/api.w.org\/{rel}","templated":true}]}}