{"id":3918,"date":"2024-09-30T12:18:53","date_gmt":"2024-09-30T10:18:53","guid":{"rendered":"https:\/\/elscooterspain.com\/produkt\/e-foil-waydoo-flyer-evo-hasta-120-minutos-de-autonomia\/"},"modified":"2025-12-04T12:46:16","modified_gmt":"2025-12-04T11:46:16","slug":"e-foil-waydoo-flyer-evo-hasta-120-minutos-de-autonomia","status":"publish","type":"product","link":"https:\/\/elscooterspain.com\/es\/produkt\/e-foil-waydoo-flyer-evo-hasta-120-minutos-de-autonomia\/","title":{"rendered":"E-foil &#8211; Waydoo Flyer EVO &#8211; hasta 120 minutos de autonom\u00eda"},"content":{"rendered":"<h2>Tabla de e-foil Waydoo Flyer EVO \u2013 Creando olas sin olas<\/h2>\n<p>El surf ha existido durante d\u00e9cadas y es un deporte popular en todo el mundo. Los surfistas utilizan tablas de surf que requieren olas para surfear y navegar. \u00bfAlguna vez hubieras imaginado que realmente se puede surfear en el agua sin olas? Si no, probablemente nunca has o\u00eddo hablar de una tabla de surf el\u00e9ctrica o e-foil board. Ahora presentamos la innovadora e-foil EVO de Waydoo, la <strong>mejor tabla de surf E-foil del mercado<\/strong> que promete una experiencia que nunca olvidar\u00e1. \u00a1La sensaci\u00f3n de flotar en el agua es absolutamente fant\u00e1stica! \u00a1Tiene que ser experimentado!      <\/p>\n<p>Esta es una tabla de surf el\u00e9ctrica profesional (tabla E-foil). Alta calidad en todos los aspectos. La autonom\u00eda impresiona con <strong>hasta 120 minutos de conducci\u00f3n con una sola carga<\/strong>. La mejor que hay en el mercado seg\u00fan muchos y, adem\u00e1s, con un precio mucho mejor que el de la competencia, que cuesta alrededor de 120.000 \u20ac. <\/p>\n<h3>P\u00f3ngase en contacto con nosotros para obtener un presupuesto exacto. Vea las posibles variantes a continuaci\u00f3n. El precio var\u00eda de 6500 a 9000 euros. La configuraci\u00f3n m\u00e1s vendida es WAYDOO EVO performance plus con la bater\u00eda grande y cuesta aproximadamente 8200 euros, env\u00edo incluido.   <\/h3>\n<h3>\u00a1Ofrecemos 2 a\u00f1os de garant\u00eda en todos los productos de Waydoo!<\/h3>\n<h3><strong>Transporte incluido en el precio. Plazo de entrega: 5 d\u00edas.<\/strong><\/h3>\n<p><iframe loading=\"lazy\" title=\"Reproductor de v\u00eddeo de YouTube\" src=\"https:\/\/www.youtube.com\/embed\/KN6Qki-Iz10?si=6TP-b6AzMTfTNbmV\" width=\"560\" height=\"315\" frameborder=\"0\" allowfullscreen=\"allowfullscreen\"><\/iframe><\/p>\n<p><img loading=\"lazy\" decoding=\"async\" class=\"alignnone size-large wp-image-8105\" src=\"https:\/\/elscootersweden.com\/wp-content\/uploads\/2024\/06\/130L-Max-Plus-9-1024x683.png\" alt=\"\" width=\"1020\" height=\"680\" title=\"\"><\/p>\n<h2>EVO Performance set &#8211; EPP 90L Azul<\/h2>\n<p>&#8211; M\u00e1stil de 27&#8243;<br \/>\n&#8211; Transmisi\u00f3n\/h\u00e9lice de rendimiento<br \/>\n&#8211; CW1500<br \/>\n&#8211; Bater\u00eda 1800<br \/>\n&#8211; Cargador est\u00e1ndar<\/p>\n<p>&nbsp;<\/p>\n<h2>EVO Performance set + &#8211; EPP 90L Azul<\/h2>\n<p>&#8211; M\u00e1stil de 35&#8243;<br \/>\n&#8211; Transmisi\u00f3n\/h\u00e9lice de rendimiento<br \/>\n&#8211; CW1500<br \/>\n&#8211; Bater\u00eda 2300<br \/>\n&#8211; Cargador r\u00e1pido<\/p>\n<p>&nbsp;<\/p>\n<h2>EVO MAX set &#8211; EPP 130L Gris<\/h2>\n<p>&#8211; M\u00e1stil de 27&#8243;<br \/>\n&#8211; Transmisi\u00f3n\/h\u00e9lice de rendimiento<br \/>\n&#8211; CW1500<br \/>\n&#8211; Bater\u00eda 1800<\/p>\n<p>&nbsp;<\/p>\n<h2>EVO Master KARBON 75L<\/h2>\n<p>&#8211; M\u00e1stil de carbono de 31&#8243;<br \/>\n&#8211; Transmisi\u00f3n\/h\u00e9lice de \u00e9lite<br \/>\n&#8211; CW1100 carbono<br \/>\n&#8211; Bater\u00eda 2300<\/p>\n<p>&nbsp;<\/p>\n<p>&nbsp;<\/p>\n<h2>\u00bfC\u00f3mo funciona la tabla Waydoo Flyer EVO E-Foil?<\/h2>\n<p>Hace apenas unos a\u00f1os, el mundo empez\u00f3 a volverse loco por los hoverboards. El aparato de movimiento de detecci\u00f3n de movimiento de dos ruedas despert\u00f3 un gran inter\u00e9s en todo el mundo y dio lugar a muchas adaptaciones de la tecnolog\u00eda. Otra adaptaci\u00f3n nos ha transformado para movernos sobre el agua con la introducci\u00f3n de la tabla Waydoo Flyer EVO e-foil, la tabla de surf el\u00e9ctrica m\u00e1s avanzada tecnol\u00f3gicamente disponible en el mercado.  <\/p>\n<p>La tabla Waydoo Flyer EVO e-foil es una tabla de surf el\u00e9ctrica que se utiliza para moverse sobre el agua sin olas. A diferencia de una tabla de surf convencional, la tabla Waydoo e-foil se mueve por s\u00ed sola sobre el agua mediante un mando a distancia de mano. El desplazamiento del peso del cuerpo ayuda a la tabla a moverse de una direcci\u00f3n a otra, como una tabla flotante. Todo lo que tienes que hacer es subirte a la tabla, mantener el equilibrio, acelerar con el mando a distancia y experimentar la m\u00e1gica sensaci\u00f3n de flotar sobre el agua.   <\/p>\n<p>&nbsp;<\/p>\n<h3>Dise\u00f1o y usabilidad de vanguardia<\/h3>\n<p>La tabla Waydoo e-foil est\u00e1 dise\u00f1ada por ingenieros innovadores y est\u00e1 hecha con calidad superior. El dispositivo funciona el\u00e9ctricamente a trav\u00e9s de una bater\u00eda de litio y funciona hasta 120 minutos con una sola carga. El uso de materiales como la fibra de carbono y el aluminio hace que la tabla de surf E-foil sea ligera y f\u00e1cil de transportar.  <\/p>\n<p>La tabla Waydoo Flyer EVO E-foil viene con una bolsa que garantiza una buena protecci\u00f3n para todas las partes de la tabla. La tabla de surf es f\u00e1cil de montar antes de usarla y f\u00e1cil de desmontar despu\u00e9s de usarla. La bolsa compacta y funcional facilita el transporte y la protecci\u00f3n de la tabla. Las diferentes partes de la tabla de surf son f\u00e1ciles de montar y quitar.   <\/p>\n","protected":false},"excerpt":{"rendered":"<p>E-foil &#8211; Waydoo Flyer EVO<\/p>\n","protected":false},"featured_media":3919,"comment_status":"open","ping_status":"closed","template":"","meta":[],"product_brand":[],"product_cat":[48],"product_tag":[],"class_list":{"0":"post-3918","1":"product","2":"type-product","3":"status-publish","4":"has-post-thumbnail","6":"product_cat-e-foil","8":"first","9":"instock","10":"purchasable","11":"product-type-simple"},"_links":{"self":[{"href":"https:\/\/elscooterspain.com\/es\/wp-json\/wp\/v2\/product\/3918","targetHints":{"allow":["GET"]}}],"collection":[{"href":"https:\/\/elscooterspain.com\/es\/wp-json\/wp\/v2\/product"}],"about":[{"href":"https:\/\/elscooterspain.com\/es\/wp-json\/wp\/v2\/types\/product"}],"replies":[{"embeddable":true,"href":"https:\/\/elscooterspain.com\/es\/wp-json\/wp\/v2\/comments?post=3918"}],"wp:featuredmedia":[{"embeddable":true,"href":"https:\/\/elscooterspain.com\/es\/wp-json\/wp\/v2\/media\/3919"}],"wp:attachment":[{"href":"https:\/\/elscooterspain.com\/es\/wp-json\/wp\/v2\/media?parent=3918"}],"wp:term":[{"taxonomy":"product_brand","embeddable":true,"href":"https:\/\/elscooterspain.com\/es\/wp-json\/wp\/v2\/product_brand?post=3918"},{"taxonomy":"product_cat","embeddable":true,"href":"https:\/\/elscooterspain.com\/es\/wp-json\/wp\/v2\/product_cat?post=3918"},{"taxonomy":"product_tag","embeddable":true,"href":"https:\/\/elscooterspain.com\/es\/wp-json\/wp\/v2\/product_tag?post=3918"}],"curies":[{"name":"wp","href":"https:\/\/api.w.org\/{rel}","templated":true}]}}