{"id":3997,"date":"2024-09-30T12:20:08","date_gmt":"2024-09-30T10:20:08","guid":{"rendered":"https:\/\/elscooterspain.com\/produkt\/accesorio-douche-soporte-para-bolsa-de-golf-se-adapta-a-todos-los-portaequipajes\/"},"modified":"2024-09-30T12:20:08","modified_gmt":"2024-09-30T10:20:08","slug":"accesorio-douche-soporte-para-bolsa-de-golf-se-adapta-a-todos-los-portaequipajes","status":"publish","type":"product","link":"https:\/\/elscooterspain.com\/es\/produkt\/accesorio-douche-soporte-para-bolsa-de-golf-se-adapta-a-todos-los-portaequipajes\/","title":{"rendered":"Accesorio DOUCHE Soporte para bolsa de golf &#8211; Se adapta a todos los portaequipajes"},"content":{"rendered":"<h2>Soporte para bolsa de golf DOUCHE para bicicleta<\/h2>\n<p>&nbsp;<\/p>\n<p>&nbsp;<\/p>\n<h1><strong>\u00a1AHORA!<\/strong> \u00a1Entre el 25 de abril y el 25 de mayo vendemos este exclusivo soporte para bolsas por solo 1490 SEK!<\/h1>\n<p>&nbsp;<\/p>\n<h3>Especificaciones:<\/h3>\n<ul>\n<li>Largo x Ancho x Alto: 95x30x30cm<\/li>\n<li>Peso: 2 kg<\/li>\n<li>Medidas: 111 cm de alto y 60 cm de ancho cuando est\u00e1 montado en la bicicleta<\/li>\n<li>Peso m\u00e1ximo: 30 kg<\/li>\n<\/ul>\n<p>&nbsp;<\/p>\n<figure id=\"attachment_7584\" aria-describedby=\"caption-attachment-7584\" style=\"width: 800px\" class=\"wp-caption alignnone\"><img loading=\"lazy\" decoding=\"async\" class=\"wp-image-7584\" src=\"https:\/\/elscootersweden.com\/wp-content\/uploads\/2023\/11\/2-1024x768.jpeg\" alt=\"Soporte para bolsa de golf DOUCHE\" width=\"800\" height=\"600\" title=\"\"><figcaption id=\"caption-attachment-7584\" class=\"wp-caption-text\">Soporte para bolsa de golf DOUCHE<\/figcaption><\/figure>\n<p>&nbsp;<\/p>\n<h2><strong>Descubre la flexibilidad de nuestro soporte para bolsa de golf para bicicleta: \u00a1lleva tu experiencia de golf a nuevas alturas!<\/strong><\/h2>\n<p>\u00bfEres un entusiasta del golf que busca una forma c\u00f3moda y pr\u00e1ctica de transportar tu equipo de golf? \u00a1Nuestro innovador soporte para bolsa de golf para bicicleta es la soluci\u00f3n perfecta para ti! Dise\u00f1ado para brindar la m\u00e1xima comodidad y facilidad de uso, este soporte es imprescindible para cualquiera que quiera combinar el amor por el ciclismo y el golf.  <\/p>\n<h3><strong>Especificaciones y caracter\u00edsticas del producto<\/strong><\/h3>\n<ul>\n<li><strong>Medidas<\/strong>: El soporte para bolsa de golf tiene una longitud, anchura y altura de 95x30x30 cm, y alcanza una altura de 111 cm y una anchura de 60 cm cuando est\u00e1 montado en tu bicicleta.<\/li>\n<li><strong>Ligero pero estable<\/strong>: Fabricado con aluminio de alta calidad, este soporte pesa solo 2 kg y soporta un peso m\u00e1ximo de hasta 30 kg. El equilibrio perfecto entre durabilidad y portabilidad. <\/li>\n<li><strong>F\u00e1cil montaje<\/strong>: El montaje es r\u00e1pido y sencillo, lo que te permite fijar y quitar el soporte de tu bicicleta en cuesti\u00f3n de minutos. \u00a1Perfecto para rondas de golf espont\u00e1neas! <\/li>\n<\/ul>\n<h3><strong>Aumenta tu movilidad y respeto por el medio ambiente<\/strong><\/h3>\n<p>Con nuestro soporte para bolsa de golf para bicicletas, puedes llegar f\u00e1cilmente al campo de golf sin usar el coche. Es una alternativa ecol\u00f3gica que no solo ahorra dinero en costes de combustible, sino que tambi\u00e9n reduce tu huella de carbono. Pedalea por hermosos paisajes y llega a tu juego de golf listo para salir con toda la energ\u00eda.  <\/p>\n<h3><strong>Perfecto para todos los entusiastas del ciclismo<\/strong><\/h3>\n<p>Tanto si eres un golfista experimentado como si solo quieres una forma nueva y emocionante de transportar tu equipo, nuestro soporte para bolsa de golf para bicicleta es la soluci\u00f3n perfecta. Es ideal para cualquiera que quiera combinar dos pasiones: el ciclismo y el golf. <\/p>\n<h3><strong>Pide tu soporte para bolsa de golf hoy mismo<\/strong><\/h3>\n<p>\u00bfEst\u00e1s listo para hacer que tu ronda de golf sea a\u00fan m\u00e1s divertida y accesible? Visita nuestra tienda web hoy mismo y pide tu soporte para bolsa de golf para bicicleta. Ofrecemos entrega r\u00e1pida y un servicio de atenci\u00f3n al cliente de primera clase. Dale a tu equipo de golf el transporte que se merece y disfruta de un camino m\u00e1s suave y ecol\u00f3gico hacia el campo de golf.   <\/p>\n<p>&nbsp;<\/p>\n<h3><b>\u00bfQu\u00e9 normas se aplican a las bicicletas el\u00e9ctricas? <\/b><\/h3>\n<p>Te recomendamos que leas las siguientes normas de la Agencia Sueca de Transporte que encontrar\u00e1s <a href=\"https:\/\/www.transportstyrelsen.se\/sv\/vagtrafik\/Fordon\/Fordonsregler\/Moped\/Elcykel\/\" target=\"_blank\" rel=\"noopener\">h\u00e4r<\/a><\/p>\n<p>Para m\u00e1s actualizaciones, s\u00edganos en <a href=\"https:\/\/www.instagram.com\/elscootersweden\/\" target=\"_blank\" rel=\"noopener\">Instagram<\/a>.<\/p>\n<p id=\"tw-target-text\" class=\"tw-data-text tw-text-large tw-ta\" dir=\"ltr\" data-placeholder=\"Translation\"><span class=\"Y2IQFc\" lang=\"sv\">Consulta m\u00e1s <a href=\"https:\/\/elscootersweden.com\/produkt-kategori\/elcykel\/\" target=\"_blank\" rel=\"noopener\">bicicletas el\u00e9ctricas<\/a> de Elscooter Sweden.<\/span><\/p>\n<p>&nbsp;<\/p>\n","protected":false},"excerpt":{"rendered":"<p>Soporte para bolsa de golf<\/p>\n<p>&nbsp;<\/p>\n","protected":false},"featured_media":2411,"comment_status":"open","ping_status":"closed","template":"","meta":[],"product_brand":[],"product_cat":[52],"product_tag":[],"class_list":{"0":"post-3997","1":"product","2":"type-product","3":"status-publish","4":"has-post-thumbnail","6":"product_cat-servicio-y-piezas-de-repuesto","8":"first","9":"instock","10":"taxable","11":"shipping-taxable","12":"purchasable","13":"product-type-simple"},"_links":{"self":[{"href":"https:\/\/elscooterspain.com\/es\/wp-json\/wp\/v2\/product\/3997","targetHints":{"allow":["GET"]}}],"collection":[{"href":"https:\/\/elscooterspain.com\/es\/wp-json\/wp\/v2\/product"}],"about":[{"href":"https:\/\/elscooterspain.com\/es\/wp-json\/wp\/v2\/types\/product"}],"replies":[{"embeddable":true,"href":"https:\/\/elscooterspain.com\/es\/wp-json\/wp\/v2\/comments?post=3997"}],"wp:featuredmedia":[{"embeddable":true,"href":"https:\/\/elscooterspain.com\/es\/wp-json\/wp\/v2\/media\/2411"}],"wp:attachment":[{"href":"https:\/\/elscooterspain.com\/es\/wp-json\/wp\/v2\/media?parent=3997"}],"wp:term":[{"taxonomy":"product_brand","embeddable":true,"href":"https:\/\/elscooterspain.com\/es\/wp-json\/wp\/v2\/product_brand?post=3997"},{"taxonomy":"product_cat","embeddable":true,"href":"https:\/\/elscooterspain.com\/es\/wp-json\/wp\/v2\/product_cat?post=3997"},{"taxonomy":"product_tag","embeddable":true,"href":"https:\/\/elscooterspain.com\/es\/wp-json\/wp\/v2\/product_tag?post=3997"}],"curies":[{"name":"wp","href":"https:\/\/api.w.org\/{rel}","templated":true}]}}