{"id":4011,"date":"2024-09-30T12:45:14","date_gmt":"2024-09-30T10:45:14","guid":{"rendered":"https:\/\/elscooterspain.com\/produkt\/moto-electrica-m3-trike-2000w-autonomia-de-50-km\/"},"modified":"2024-09-30T12:45:14","modified_gmt":"2024-09-30T10:45:14","slug":"moto-electrica-m3-trike-2000w-autonomia-de-50-km","status":"publish","type":"product","link":"https:\/\/elscooterspain.com\/es\/produkt\/moto-electrica-m3-trike-2000w-autonomia-de-50-km\/","title":{"rendered":"Moto el\u00e9ctrica M3 TRIKE 2000W &#8211; autonom\u00eda de 50 km"},"content":{"rendered":"<h2>La moto el\u00e9ctrica M3 TRIKE es casi imposible de volcar. Perfecta para quienes tienen dificultades con el equilibrio. Potente motor el\u00e9ctrico sin escobillas de 2000W que impulsa las ruedas traseras.  <\/h2>\n<h3>1 bater\u00eda incluida 60V\/20AH. Autonom\u00eda total de 100 km en modo eco. <\/h3>\n<p>Plazo de entrega: aproximadamente 8 d\u00edas h\u00e1biles a su domicilio desde el almac\u00e9n en Polonia.<\/p>\n<p class=\"tw-data-text tw-text-large tw-ta\" dir=\"ltr\" data-placeholder=\"Translation\"><span class=\"Y2IQFc\" lang=\"sv\">El producto se env\u00eda a domicilio. Seleccione la entrega a domicilio al realizar el pago. Precio: 970 kr.  <\/span><\/p>\n<p>+ Ciclomotor de clase 1, 45 km\/h con homologaci\u00f3n COC. Nosotros realizamos el registro de forma gratuita. <\/p>\n<p>+ Resistente al agua IP54<\/p>\n<p>+ Frenos hidr\u00e1ulicos<\/p>\n<p>+ Amortiguadores delanteros y traseros<\/p>\n<p>+ Sill\u00edn c\u00f3modo<\/p>\n<p>+ Peso m\u00e1ximo 200 kg<\/p>\n<p>+ Retrovisores<\/p>\n<p>+ Cargador 220V\/5A<\/p>\n<p>+ Luces LED delanteras y traseras<\/p>\n<p>+ Ordenador de a bordo<\/p>\n<p>+ Cerradura de encendido con llave<\/p>\n<p>+ Alarma con mando a distancia<\/p>\n<p>&nbsp;<\/p>\n<p>&nbsp;<\/p>\n","protected":false},"excerpt":{"rendered":"<p>Moto el\u00e9ctrica M3 TRIKE<\/p>\n","protected":false},"featured_media":3242,"comment_status":"open","ping_status":"closed","template":"","meta":[],"product_brand":[],"product_cat":[50],"product_tag":[],"class_list":{"0":"post-4011","1":"product","2":"type-product","3":"status-publish","4":"has-post-thumbnail","6":"product_cat-fatbike-ciclomotor-electrico","8":"first","9":"instock","10":"purchasable","11":"product-type-simple"},"_links":{"self":[{"href":"https:\/\/elscooterspain.com\/es\/wp-json\/wp\/v2\/product\/4011","targetHints":{"allow":["GET"]}}],"collection":[{"href":"https:\/\/elscooterspain.com\/es\/wp-json\/wp\/v2\/product"}],"about":[{"href":"https:\/\/elscooterspain.com\/es\/wp-json\/wp\/v2\/types\/product"}],"replies":[{"embeddable":true,"href":"https:\/\/elscooterspain.com\/es\/wp-json\/wp\/v2\/comments?post=4011"}],"wp:featuredmedia":[{"embeddable":true,"href":"https:\/\/elscooterspain.com\/es\/wp-json\/wp\/v2\/media\/3242"}],"wp:attachment":[{"href":"https:\/\/elscooterspain.com\/es\/wp-json\/wp\/v2\/media?parent=4011"}],"wp:term":[{"taxonomy":"product_brand","embeddable":true,"href":"https:\/\/elscooterspain.com\/es\/wp-json\/wp\/v2\/product_brand?post=4011"},{"taxonomy":"product_cat","embeddable":true,"href":"https:\/\/elscooterspain.com\/es\/wp-json\/wp\/v2\/product_cat?post=4011"},{"taxonomy":"product_tag","embeddable":true,"href":"https:\/\/elscooterspain.com\/es\/wp-json\/wp\/v2\/product_tag?post=4011"}],"curies":[{"name":"wp","href":"https:\/\/api.w.org\/{rel}","templated":true}]}}