{"id":4020,"date":"2024-09-30T12:20:07","date_gmt":"2024-09-30T10:20:07","guid":{"rendered":"https:\/\/elscooterspain.com\/produkt\/bicicleta-electrica-douchebike-750w-stilette-frenos-hidraulicos-autonomia-de-70km-plegable\/"},"modified":"2024-09-30T12:20:07","modified_gmt":"2024-09-30T10:20:07","slug":"bicicleta-electrica-douchebike-750w-stilette-frenos-hidraulicos-autonomia-de-70km-plegable","status":"publish","type":"product","link":"https:\/\/elscooterspain.com\/es\/produkt\/bicicleta-electrica-douchebike-750w-stilette-frenos-hidraulicos-autonomia-de-70km-plegable\/","title":{"rendered":"Bicicleta el\u00e9ctrica DOUCHEBIKE 750W STILETTE &#8211; Frenos hidr\u00e1ulicos &#8211; Autonom\u00eda de 70km &#8211; Plegable"},"content":{"rendered":"<h2 dir=\"ltr\" data-placeholder=\"Translation\"><span class=\"Y2IQFc\" lang=\"sv\" style=\"font-size: 140%;\">DOUCHEBIKE 750W STILETTE<\/span><\/h2>\n<p id=\"tw-target-text\" class=\"tw-data-text tw-text-large tw-ta\" dir=\"ltr\" data-placeholder=\"Translation\"><span class=\"Y2IQFc\" lang=\"sv\" style=\"font-size: 140%;\">La ventaja de la DOUCHEBIKE 750W STILETTE es que la bater\u00eda est\u00e1 protegida en el cuadro contra la suciedad y la humedad. Clase IP 67. Te sientas recto y c\u00f3modamente en el sill\u00edn ancho. La bater\u00eda est\u00e1 en el cuadro y es f\u00e1cil de quitar y cargar por separado, o puedes cargar la bater\u00eda a trav\u00e9s del cuadro.   <\/span><\/p>\n<p class=\"tw-data-text tw-text-large tw-ta\" dir=\"ltr\" data-placeholder=\"Translation\"><span class=\"Y2IQFc\" lang=\"sv\" style=\"font-size: 140%;\">El cuadro se adapta a una altura de 165-195 cm gracias al manillar y al sill\u00edn ajustables en altura.<\/span><\/p>\n<p class=\"tw-data-text tw-text-large tw-ta\" dir=\"ltr\" data-placeholder=\"Translation\"><span class=\"Y2IQFc\" lang=\"sv\" style=\"font-size: 140%;\">El cuadro est\u00e1 equipado con doble amortiguaci\u00f3n, frenos hidr\u00e1ulicos y neum\u00e1ticos para todo el a\u00f1o de KENDA. La bicicleta el\u00e9ctrica tiene un potente motor el\u00e9ctrico de 750W en la rueda trasera con una aceleraci\u00f3n de 100nm. <\/span><\/p>\n<p class=\"tw-data-text tw-text-large tw-ta\" dir=\"ltr\" data-placeholder=\"Translation\"><span class=\"Y2IQFc\" lang=\"sv\" style=\"font-size: 140%;\">La bicicleta el\u00e9ctrica tiene cuadro y manillar plegables. Cabe en el coche, la autocaravana, el barco, el apartamento, es decir, la bicicleta ocupa muy poco espacio. <\/span><\/p>\n<p>&nbsp;<\/p>\n<h3><strong>Estado del stock:<\/strong><\/h3>\n<h2>Se env\u00eda desde nuestro almac\u00e9n principal, tiempo de entrega de 7 d\u00edas h\u00e1biles a la puerta de tu casa.<\/h2>\n<p>&nbsp;<\/p>\n<h2><strong style=\"font-size: 14.4px;\">Bicicleta el\u00e9ctrica DOUCHEBIKE 750W STILETTE <span class=\"Y2IQFc\" lang=\"sv\">caracter\u00edsticas:<\/span><\/strong><\/h2>\n<p>+ La bater\u00eda est\u00e1 en el cuadro y es f\u00e1cil de quitar y cargar por separado &#8211; <strong>48V\/17AH litio A-grade &#8211; Autonom\u00eda 70 km<\/strong> en condiciones \u00f3ptimas.<br \/>\n+ <strong>Potente motor el\u00e9ctrico QS de 750 vatios en la rueda trasera<\/strong> &#8211; Velocidad 25 km\/h (m\u00e1ximo 44)<br \/>\n+ Amortiguadores delanteros y traseros<br \/>\n+ Cuadro plegable que ahorra mucho espacio y facilita el almacenamiento de la bicicleta.<br \/>\n+ Cesta delantera incluida<br \/>\n+ Soporte para m\u00f3vil con puerto de carga USB incluido<br \/>\n+ Portaequipajes de 18 cm de ancho, que es robusto<br \/>\n+ Guardabarros delanteros y traseros.<br \/>\n+ Plegable por la mitad y el manillar se puede plegar<br \/>\n<strong>+ NOVEDAD: Llantas de aluminio<\/strong> con neum\u00e1ticos KENDA ultragrip de 20&#215;4 pulgadas. Funciona perfectamente todo el a\u00f1o.<br \/>\n+ Cambios 7 Shimano<br \/>\n+ Se conduce como ciclomotor de clase 2<br \/>\n+ <strong>NOVEDAD: Frenos hidr\u00e1ulicos con discos de freno delanteros y traseros<\/strong><br \/>\n+ <strong>Acelerador de pu\u00f1o en el mango derecho<\/strong>, es decir, no necesitas pedalear, pero tambi\u00e9n tienes asistencia el\u00e9ctrica a trav\u00e9s del sensor de pedal cuando pedaleas<br \/>\n+ Ordenador de a bordo LCD COLOR<br \/>\n+ Sill\u00edn ancho y c\u00f3modo<br \/>\n+ L\u00e1mpara LED delantera y trasera<br \/>\n+ Resistente al agua S\u00cd &#8211; IP67<br \/>\n+ Peso aprox. 29 kg<br \/>\n+ Medidas: Longitud 175 cm. Ancho 23 cm. Altura 130 cm<br \/>\n+ Plegada: 98cm de longitud. Ancho 44cm. Altura 82 cm<br \/>\n+ Peso m\u00e1ximo en la bicicleta 130 kg    <\/p>\n<p>La bicicleta el\u00e9ctrica DOUCHEBIKE es la elecci\u00f3n perfecta para aquellos que quieren experimentar viajes divertidos y c\u00f3modos en cualquier lugar y en cualquier momento. Tiene un cuadro y un manillar plegables \u00fanicos que le permiten encajar f\u00e1cilmente en espacios peque\u00f1os como coches, autocaravanas, caravanas, barcos y apartamentos. <\/p>\n<p>&nbsp;<\/p>\n<p class=\"tw-data-text tw-text-large tw-ta\" dir=\"ltr\" data-placeholder=\"Translation\"><span class=\"Y2IQFc\" lang=\"sv\">Tenemos muchas otras opciones en bicicletas el\u00e9ctricas.<\/span> <span class=\"Y2IQFc\" lang=\"sv\">Echa un vistazo a nuestra <a href=\"https:\/\/elscootersweden.com\/produkt-kategori\/elcykel\/\" target=\"_blank\" rel=\"noopener\">categor\u00eda de bicicletas el\u00e9ctricas<\/a>.<\/span><\/p>\n<p><span style=\"vertical-align: inherit;\">Para m\u00e1s actualizaciones, s\u00edguenos en<\/span> <a href=\"https:\/\/www.instagram.com\/elscootersweden\/\" target=\"_blank\" rel=\"noopener\"><span style=\"vertical-align: inherit;\">Instagram.<\/span><\/a><\/p>\n","protected":false},"excerpt":{"rendered":"<p>DOUCHEBIKE 750W STILETTE<\/p>\n","protected":false},"featured_media":3667,"comment_status":"open","ping_status":"closed","template":"","meta":[],"product_brand":[],"product_cat":[45],"product_tag":[],"class_list":{"0":"post-4020","1":"product","2":"type-product","3":"status-publish","4":"has-post-thumbnail","6":"product_cat-bicicletas-electricas","8":"first","9":"instock","10":"purchasable","11":"product-type-simple"},"_links":{"self":[{"href":"https:\/\/elscooterspain.com\/es\/wp-json\/wp\/v2\/product\/4020","targetHints":{"allow":["GET"]}}],"collection":[{"href":"https:\/\/elscooterspain.com\/es\/wp-json\/wp\/v2\/product"}],"about":[{"href":"https:\/\/elscooterspain.com\/es\/wp-json\/wp\/v2\/types\/product"}],"replies":[{"embeddable":true,"href":"https:\/\/elscooterspain.com\/es\/wp-json\/wp\/v2\/comments?post=4020"}],"wp:featuredmedia":[{"embeddable":true,"href":"https:\/\/elscooterspain.com\/es\/wp-json\/wp\/v2\/media\/3667"}],"wp:attachment":[{"href":"https:\/\/elscooterspain.com\/es\/wp-json\/wp\/v2\/media?parent=4020"}],"wp:term":[{"taxonomy":"product_brand","embeddable":true,"href":"https:\/\/elscooterspain.com\/es\/wp-json\/wp\/v2\/product_brand?post=4020"},{"taxonomy":"product_cat","embeddable":true,"href":"https:\/\/elscooterspain.com\/es\/wp-json\/wp\/v2\/product_cat?post=4020"},{"taxonomy":"product_tag","embeddable":true,"href":"https:\/\/elscooterspain.com\/es\/wp-json\/wp\/v2\/product_tag?post=4020"}],"curies":[{"name":"wp","href":"https:\/\/api.w.org\/{rel}","templated":true}]}}