{"id":4029,"date":"2024-09-30T12:41:10","date_gmt":"2024-09-30T10:41:10","guid":{"rendered":"https:\/\/elscooterspain.com\/produkt\/neumatico-20x4-pulgadas-ultra-grip-para-todo-el-ano\/"},"modified":"2024-09-30T12:41:10","modified_gmt":"2024-09-30T10:41:10","slug":"neumatico-20x4-pulgadas-ultra-grip-para-todo-el-ano","status":"publish","type":"product","link":"https:\/\/elscooterspain.com\/es\/produkt\/neumatico-20x4-pulgadas-ultra-grip-para-todo-el-ano\/","title":{"rendered":"Neum\u00e1tico 20&#215;4 pulgadas ultra grip para todo el a\u00f1o"},"content":{"rendered":"<h2>Neum\u00e1tico 20&#215;4&#8243;<\/h2>\n<div>Este neum\u00e1tico ofrece alta calidad y rendimiento, especialmente en superficies irregulares.<\/div>\n<div>El fuerte patr\u00f3n de la banda de rodadura asegura el m\u00e1ximo agarre en la carretera, lo que le da tranquilidad al conducir y facilita la maniobra en todas las condiciones.<\/div>\n<div>Podr\u00e1 viajar con facilidad con nuestros neum\u00e1ticos 20&#215;4&#8243;.<br \/>\n<strong>El precio es por 1 neum\u00e1tico e incluye el env\u00edo.<\/strong><\/div>\n<div>Nota: La marca del neum\u00e1tico puede variar dependiendo de lo que haya en stock. La calidad es la misma. Tenemos tres marcas diferentes que vendemos: Kenda, Chaoyang, CST.    <\/div>\n<div><\/div>\n<div><\/div>\n<p><img loading=\"lazy\" decoding=\"async\" class=\"alignnone size-medium wp-image-4522\" src=\"https:\/\/elscootersweden.com\/wp-content\/uploads\/2022\/10\/dack-kenda-300x300.jpg\" alt=\"\" width=\"300\" height=\"300\" title=\"\"><\/p>\n<div><\/div>\n<div>Su dise\u00f1o \u00fanico le proporciona el agarre perfecto en la carretera sin perder estabilidad.<\/div>\n<div>Estos neum\u00e1ticos est\u00e1n dise\u00f1ados para durar mucho tiempo con su material extra grueso y bandas de rodadura de alto rendimiento que le permiten tomar curvas cerradas y navegar por terrenos dif\u00edciles con facilidad.<\/div>\n<div>Esta combinaci\u00f3n de seguridad, durabilidad y confort hace que los neum\u00e1ticos Kenda 20&#215;4&#8243; sean una opci\u00f3n inmejorable para cualquiera que busque un neum\u00e1tico de bicicleta fiable.<\/div>\n<div>No comprometa su conducci\u00f3n: \u00a1actualice con neum\u00e1ticos Kenda!<\/div>\n<div><\/div>\n<div>Ver m\u00e1s accesorios <a href=\"https:\/\/elscootersweden.com\/produkt-kategori\/service-reservdelar\/\" target=\"_blank\" rel=\"noopener\">aqu\u00ed<\/a><\/div>\n<div>\n<p>Vea nuestra gama de bicicletas el\u00e9ctricas <a href=\"https:\/\/elscootersweden.com\/produkt-kategori\/elcykel\/\" target=\"_blank\" rel=\"noopener\">aqu\u00ed.<\/a><\/p>\n<p>Para m\u00e1s actualizaciones, s\u00edganos en <a href=\"https:\/\/www.instagram.com\/elscootersweden\/\" target=\"_blank\" rel=\"noopener\">Instagram.<\/a><\/p>\n<\/div>\n","protected":false},"excerpt":{"rendered":"<p>Neum\u00e1tico<\/p>\n<p>Agarre perfecto durante todo el a\u00f1o con KENDA ultra grip 20&#215;4 pulgadas<\/p>\n<p>Los neum\u00e1ticos Kenda 20&#215;4&#8243; de Elscooter Sweden ofrecen la m\u00e1xima comodidad y control para el veh\u00edculo.<\/p>\n<p>Env\u00edo incluido en el precio<\/p>\n","protected":false},"featured_media":2946,"comment_status":"open","ping_status":"closed","template":"","meta":[],"product_brand":[],"product_cat":[52],"product_tag":[],"class_list":{"0":"post-4029","1":"product","2":"type-product","3":"status-publish","4":"has-post-thumbnail","6":"product_cat-servicio-y-piezas-de-repuesto","8":"first","9":"instock","10":"taxable","11":"shipping-taxable","12":"purchasable","13":"product-type-simple"},"_links":{"self":[{"href":"https:\/\/elscooterspain.com\/es\/wp-json\/wp\/v2\/product\/4029","targetHints":{"allow":["GET"]}}],"collection":[{"href":"https:\/\/elscooterspain.com\/es\/wp-json\/wp\/v2\/product"}],"about":[{"href":"https:\/\/elscooterspain.com\/es\/wp-json\/wp\/v2\/types\/product"}],"replies":[{"embeddable":true,"href":"https:\/\/elscooterspain.com\/es\/wp-json\/wp\/v2\/comments?post=4029"}],"wp:featuredmedia":[{"embeddable":true,"href":"https:\/\/elscooterspain.com\/es\/wp-json\/wp\/v2\/media\/2946"}],"wp:attachment":[{"href":"https:\/\/elscooterspain.com\/es\/wp-json\/wp\/v2\/media?parent=4029"}],"wp:term":[{"taxonomy":"product_brand","embeddable":true,"href":"https:\/\/elscooterspain.com\/es\/wp-json\/wp\/v2\/product_brand?post=4029"},{"taxonomy":"product_cat","embeddable":true,"href":"https:\/\/elscooterspain.com\/es\/wp-json\/wp\/v2\/product_cat?post=4029"},{"taxonomy":"product_tag","embeddable":true,"href":"https:\/\/elscooterspain.com\/es\/wp-json\/wp\/v2\/product_tag?post=4029"}],"curies":[{"name":"wp","href":"https:\/\/api.w.org\/{rel}","templated":true}]}}