{"id":4048,"date":"2024-09-30T12:19:42","date_gmt":"2024-09-30T10:19:42","guid":{"rendered":"https:\/\/elscooterspain.com\/produkt\/bicicleta-electrica-douchebike-1000w-svan-plegable-alcance-de-100-km\/"},"modified":"2025-12-04T13:38:07","modified_gmt":"2025-12-04T12:38:07","slug":"bicicleta-electrica-douchebike-1000w-svan-plegable-alcance-de-100-km","status":"publish","type":"product","link":"https:\/\/elscooterspain.com\/es\/produkt\/bicicleta-electrica-douchebike-1000w-svan-plegable-alcance-de-100-km\/","title":{"rendered":"Bicicleta el\u00e9ctrica DOUCHEBIKE 1000W SVAN &#8211; plegable &#8211; alcance de 100 km"},"content":{"rendered":"<h1><strong style=\"font-size: 20.16px; color: #333333;\">Bicicleta el\u00e9ctrica DOUCHEBIKE<\/strong><strong style=\"font-size: 20.16px; color: #333333;\"> 100<\/strong><strong style=\"font-size: 20.16px;\">0W SVAN <\/strong><b style=\"font-size: 20.16px;\">E<\/b><b style=\"font-size: 20.16px;\">specificaciones:<\/b><\/h1>\n<ul>\n<li>Motor el\u00e9ctrico: QS 1000 <strong>vatios en la rueda trasera<\/strong><\/li>\n<li><strong>Bater\u00eda: Litio A-grade samsung 48V\/20AH. Vida \u00fatil: hasta 1000 cargas <\/strong><\/li>\n<li><strong>Alcance: 100 km<\/strong> en condiciones \u00f3ptimas.<\/li>\n<li><span class=\"colour\"><span class=\"oneComWebmail-font\"><span class=\"size\">Velocidad: 25 km\/h (m\u00e1ximo 47)<\/span><\/span><\/span><\/li>\n<li>Acelerador de pu\u00f1o en el mango derecho<\/li>\n<li>La bicicleta es adecuada para una altura de 165-190 cm<\/li>\n<li>Shimano ACERA 8 velocidades<\/li>\n<li>Cuadro de aluminio, plegable por la mitad<\/li>\n<li><strong>Frenos hidr\u00e1ulicos. <\/strong>pinzas de freno mejoradas con pastillas de freno m\u00e1s grandes que pueden soportar velocidades m\u00e1s altas.<\/li>\n<li>Se conduce como un ciclomotor de clase 2.<\/li>\n<li>Neum\u00e1ticos: KENDA SPORT 20*4\u201d. El mejor agarre durante todo el a\u00f1o. <\/li>\n<li>Llantas de aluminio negro<\/li>\n<li>Dimensiones: Altura del manillar 105-115 cm, Altura del sill\u00edn 70-110 cm, Longitud 157 cm<\/li>\n<li>Dimensiones plegada: 85l*45b*75h cm<\/li>\n<li>F\u00e1cil de quitar la bater\u00eda y cargarla por separado.<\/li>\n<li>Bater\u00eda bloqueable. Tiempo de carga: aprox. 8 horas. <\/li>\n<li>Peso: 30 kg<\/li>\n<li>Peso m\u00e1ximo en la bicicleta: 120 kg<\/li>\n<li>Portaequipajes trasero incluido<\/li>\n<li>Cesta delantera incluida<\/li>\n<li>Bolsa delantera incluida<\/li>\n<li>Iluminaci\u00f3n LED delantera y luz trasera<\/li>\n<li><strong>Guardabarros extendidos<\/strong> delanteros y traseros de metal. No de pl\u00e1stico. <\/li>\n<li>Soporte para m\u00f3vil en el manillar. Puedes cargar tu m\u00f3vil a trav\u00e9s del puerto USB en la pantalla. <\/li>\n<li>Cargador 220 voltios, 54,6\/2A.<\/li>\n<li>Resistente al agua &#8211; S\u00cd. IP65. Esta bicicleta soporta muy bien el agua, lo que la convierte en una bicicleta para todo el a\u00f1o.  <\/li>\n<li>NOVEDAD: Pantalla a color con ordenador de a bordo y Bluetooth.<\/li>\n<li>Puedes obtener indicaciones en la pantalla, a trav\u00e9s de Bluetooth, que se conecta a tu tel\u00e9fono.<\/li>\n<li>Puedes ver d\u00f3nde aparcaste tu bicicleta en la aplicaci\u00f3n<\/li>\n<\/ul>\n<h1>Color: Gris mate<\/h1>\n<p>&nbsp;<\/p>\n<p><iframe loading=\"lazy\" title=\"Reproductor de v\u00eddeo de YouTube\" src=\"https:\/\/www.youtube.com\/embed\/b7IDS-9J52g?si=azRZ8fNVFrFkb5jM\" width=\"560\" height=\"315\" frameborder=\"0\" allowfullscreen=\"allowfullscreen\"><\/iframe><\/p>\n<h2><\/h2>\n<h2><strong>Bicicleta el\u00e9ctrica plegable DOUCHEBIKE 1000W SVAN<\/strong><\/h2>\n<h3><strong>Innovaci\u00f3n y utilidad:<\/strong><\/h3>\n<ul>\n<li><span style=\"font-size: 115%;\"><strong>Dise\u00f1o plegable:<\/strong> El dise\u00f1o plegable \u00fanico hace que la bicicleta sea extremadamente pr\u00e1ctica para el almacenamiento y el transporte, lo que es una ventaja significativa para los viajeros urbanos y los ciclistas aventureros.<\/span><\/li>\n<li><span style=\"font-size: 115%;\"><strong>Especificaciones t\u00e9cnicas:<\/strong> Con frenos hidr\u00e1ulicos, pinzas de freno mejoradas y neum\u00e1ticos KENDA SPORT 20*4\u201d, esta bicicleta garantiza la m\u00e1xima seguridad y comodidad posible. Las llantas de aluminio negro contribuyen a su aspecto sofisticado. <\/span><\/li>\n<\/ul>\n<h3><strong>Equipamiento adicional y confort:<\/strong><\/h3>\n<ul>\n<li><span style=\"font-size: 115%;\"><strong>Accesorios pr\u00e1cticos:<\/strong> La bicicleta incluye portaequipajes, cesta para bicicleta, bolsa delantera e iluminaci\u00f3n LED para mayor seguridad. Los guardabarros extendidos de metal protegen contra el clima. <\/span><\/li>\n<li><span style=\"font-size: 115%;\"><strong>Tecnolog\u00eda y conectividad:<\/strong> La nueva pantalla a color con ordenador de a bordo y Bluetooth permite la navegaci\u00f3n directamente desde tu smartphone, y con un soporte para m\u00f3vil integrado y un puerto USB, puedes mantener f\u00e1cilmente tu m\u00f3vil cargado.<\/span><\/li>\n<\/ul>\n<h3><strong>Facilidad de uso y mantenimiento:<\/strong><\/h3>\n<ul>\n<li><span style=\"font-size: 115%;\"><strong>F\u00e1cil de manejar:<\/strong> Con un peso de 30 kg y una bater\u00eda f\u00e1cilmente manejable que es bloqueable y f\u00e1cil de cargar, la bicicleta el\u00e9ctrica plegable DOUCHEBIKE 1000W SVAN ofrece una experiencia f\u00e1cil de usar.<\/span><\/li>\n<li><span style=\"font-size: 115%;\"><strong>Resistente al agua y duradera:<\/strong> La clasificaci\u00f3n IP65 garantiza que la bicicleta sea resistente al agua, lo que la hace ideal para usarla durante todo el a\u00f1o, independientemente de las condiciones clim\u00e1ticas.<\/span><\/li>\n<\/ul>\n<h3><strong>Dise\u00f1o y funci\u00f3n de la bicicleta el\u00e9ctrica DOUCHIEBIKE 1000W SVAN:<\/strong><\/h3>\n<ul>\n<li><span style=\"font-size: 115%;\"><strong>Potente motor y bater\u00eda:<\/strong> La bicicleta el\u00e9ctrica plegable DOUCHEBIKE 1000W SVAN est\u00e1 impulsada por un robusto motor QS de 1000 vatios, ubicado en la rueda trasera, y una potente bater\u00eda de litio A-grade Samsung (48V\/20AH) que ofrece un alcance de hasta 100 km.<\/span><\/li>\n<li><span style=\"font-size: 115%;\"><strong>Velocidad y control:<\/strong> Con una velocidad m\u00e1xima de 25 km\/h (y una velocidad m\u00e1xima de 47 km\/h), esta bicicleta ofrece tanto emoci\u00f3n como control, gracias a su intuitiva funci\u00f3n de acelerador de pu\u00f1o.<\/span><\/li>\n<li><span style=\"font-size: 115%;\"><strong>Adaptable y c\u00f3moda:<\/strong> La bicicleta el\u00e9ctrica plegable DOUCHEBIKE 1000W SVAN est\u00e1 dise\u00f1ada para adaptarse a ciclistas de entre 165 y 190 cm y tiene Shimano ACERA 8 velocidades, lo que la hace ideal para diferentes terrenos y necesidades de los ciclistas.<\/span><\/li>\n<\/ul>\n<p>&nbsp;<\/p>\n<figure id=\"attachment_6605\" aria-describedby=\"caption-attachment-6605\" style=\"width: 507px\" class=\"wp-caption alignnone\"><img loading=\"lazy\" decoding=\"async\" class=\"wp-image-6605\" src=\"https:\/\/elscootersweden.com\/wp-content\/uploads\/2023\/11\/Elscooter-Sweden-Gra-Elcykel-10-1-1024x1024.jpg\" alt=\"DOUCHBIKE 1000W SVAN\" width=\"507\" height=\"507\" title=\"\"><figcaption id=\"caption-attachment-6605\" class=\"wp-caption-text\">DOUCHBIKE 1000W SVAN<\/figcaption><\/figure>\n<p><span style=\"font-size: 115%;\">Para m\u00e1s actualizaciones, s\u00edganos en <a href=\"https:\/\/www.instagram.com\/elscootersweden\/\" target=\"_blank\" rel=\"noopener\">Instagram<\/a>.<\/span><\/p>\n","protected":false},"excerpt":{"rendered":"<p>Bicicleta el\u00e9ctrica DOUCHEBIKE<\/p>\n","protected":false},"featured_media":4049,"comment_status":"open","ping_status":"closed","template":"","meta":[],"product_brand":[],"product_cat":[45],"product_tag":[],"class_list":{"0":"post-4048","1":"product","2":"type-product","3":"status-publish","4":"has-post-thumbnail","6":"product_cat-bicicletas-electricas","8":"first","9":"instock","10":"sale","11":"purchasable","12":"product-type-simple"},"_links":{"self":[{"href":"https:\/\/elscooterspain.com\/es\/wp-json\/wp\/v2\/product\/4048","targetHints":{"allow":["GET"]}}],"collection":[{"href":"https:\/\/elscooterspain.com\/es\/wp-json\/wp\/v2\/product"}],"about":[{"href":"https:\/\/elscooterspain.com\/es\/wp-json\/wp\/v2\/types\/product"}],"replies":[{"embeddable":true,"href":"https:\/\/elscooterspain.com\/es\/wp-json\/wp\/v2\/comments?post=4048"}],"wp:featuredmedia":[{"embeddable":true,"href":"https:\/\/elscooterspain.com\/es\/wp-json\/wp\/v2\/media\/4049"}],"wp:attachment":[{"href":"https:\/\/elscooterspain.com\/es\/wp-json\/wp\/v2\/media?parent=4048"}],"wp:term":[{"taxonomy":"product_brand","embeddable":true,"href":"https:\/\/elscooterspain.com\/es\/wp-json\/wp\/v2\/product_brand?post=4048"},{"taxonomy":"product_cat","embeddable":true,"href":"https:\/\/elscooterspain.com\/es\/wp-json\/wp\/v2\/product_cat?post=4048"},{"taxonomy":"product_tag","embeddable":true,"href":"https:\/\/elscooterspain.com\/es\/wp-json\/wp\/v2\/product_tag?post=4048"}],"curies":[{"name":"wp","href":"https:\/\/api.w.org\/{rel}","templated":true}]}}