{"id":4065,"date":"2024-09-30T12:19:43","date_gmt":"2024-09-30T10:19:43","guid":{"rendered":"https:\/\/elscooterspain.com\/produkt\/bicicleta-electrica-douchebike-1000w-stil-plegable-alcance-de-100-km\/"},"modified":"2024-09-30T12:19:43","modified_gmt":"2024-09-30T10:19:43","slug":"bicicleta-electrica-douchebike-1000w-stil-plegable-alcance-de-100-km","status":"publish","type":"product","link":"https:\/\/elscooterspain.com\/es\/produkt\/bicicleta-electrica-douchebike-1000w-stil-plegable-alcance-de-100-km\/","title":{"rendered":"Bicicleta el\u00e9ctrica DOUCHEBIKE 1000W STIL &#8211; plegable &#8211; alcance de 100 km"},"content":{"rendered":"<p>&nbsp;<\/p>\n<p><strong style=\"font-size: 20.16px; color: #333333;\">Bicicleta el\u00e9ctrica DOUCHEBIKE<\/strong><strong style=\"font-size: 20.16px; color: #333333;\"> <\/strong><strong style=\"font-size: 20.16px;\">1000W STIL<\/strong><strong style=\"font-size: 20.16px;\"> <\/strong><b style=\"font-size: 20.16px;\">E<\/b><b style=\"font-size: 20.16px;\">specificaciones:<\/b><\/p>\n<ul>\n<li>Motor el\u00e9ctrico: QS <strong>1000 vatios en la rueda trasera<\/strong><\/li>\n<li><strong>Modelo 20AH = Bater\u00eda: Celdas de litio Samsung 48V\/20AH. Vida \u00fatil: hasta 1000 cargas <\/strong><\/li>\n<li><strong>Modelo 20AH = Alcance: 100 km<\/strong> en condiciones \u00f3ptimas.<\/li>\n<li><span class=\"colour\"><span class=\"oneComWebmail-font\"><span class=\"size\">Velocidad: 25 km\/h (m\u00e1ximo 47)<\/span><\/span><\/span><\/li>\n<li>Acelerador de pu\u00f1o en el mango derecho<\/li>\n<li><strong>La bicicleta es adecuada para una altura de 165-195 cm<\/strong><\/li>\n<li>Shimano ACERA 8 velocidades<\/li>\n<li>Cuadro de aluminio, plegable por la mitad<\/li>\n<li><strong>Frenos hidr\u00e1ulicos. <\/strong>pinzas de freno mejoradas con pastillas de freno m\u00e1s grandes que pueden soportar velocidades m\u00e1s altas.<\/li>\n<li>Se conduce como un ciclomotor de clase 2<\/li>\n<li><strong>Neum\u00e1ticos: KENDA SPORT 20*4\u201d. El mejor agarre durante todo el a\u00f1o. <\/strong><\/li>\n<li>Llantas de aluminio negro<\/li>\n<li>Dimensiones: Altura del manillar 105-115 cm, Altura del sill\u00edn 70-110 cm, Longitud 157 cm<\/li>\n<li>Dimensiones plegada: 85l*45b*75h cm<\/li>\n<li>F\u00e1cil de quitar la bater\u00eda y cargarla por separado. O cargar a trav\u00e9s del cuadro. <\/li>\n<li>Bater\u00eda bloqueable. Tiempo de carga: aproximadamente 7 horas. <\/li>\n<li>Peso: 30 kg<\/li>\n<li>Peso m\u00e1ximo en la bicicleta: 140 kg<\/li>\n<li>Portaequipajes trasero incluido<\/li>\n<li>Cesta delantera incluida<\/li>\n<li>Iluminaci\u00f3n LED delantera y luz trasera<\/li>\n<li><strong>Guardabarros extendidos<\/strong> delanteros y traseros de metal. No de pl\u00e1stico. <\/li>\n<li>Soporte para m\u00f3vil en el manillar. Puedes cargar tu m\u00f3vil a trav\u00e9s del puerto USB en la pantalla. <\/li>\n<li>Cargador 220 voltios, 54,6\/2A.<\/li>\n<li>Resistente al agua &#8211; S\u00cd. IP65. Esta bicicleta soporta muy bien el agua, lo que la convierte en una bicicleta para todo el a\u00f1o.  <\/li>\n<li><strong>NOVEDAD: Pantalla a color con ordenador de a bordo y Bluetooth.<\/strong><\/li>\n<li>Puedes obtener indicaciones en la pantalla, a trav\u00e9s de Bluetooth, que se conecta a tu tel\u00e9fono.<\/li>\n<li>Puedes ver d\u00f3nde aparcaste tu bicicleta en la aplicaci\u00f3n<\/li>\n<\/ul>\n<p>&nbsp;<\/p>\n<p>&nbsp;<\/p>\n<p><iframe loading=\"lazy\" title=\"Reproductor de v\u00eddeo de YouTube\" src=\"https:\/\/www.youtube.com\/embed\/veSahVIi2Gg?si=hhXHqGK55NuPAAJy\" width=\"560\" height=\"315\" frameborder=\"0\" allowfullscreen=\"allowfullscreen\"><\/iframe><\/p>\n<h2><strong>Bicicleta el\u00e9ctrica DOUCHEBIKE 1000W STIL: Una nueva era del ciclismo el\u00e9ctrico<\/strong><\/h2>\n<p><span style=\"font-size: 115%;\">La bicicleta el\u00e9ctrica DOUCHEBIKE 1000W STIL representa una nueva dimensi\u00f3n en el ciclismo el\u00e9ctrico. Con su impresionante motor QS de 1000 vatios en la rueda trasera y un potente rendimiento, esta bicicleta es un s\u00edmbolo de innovaci\u00f3n y progreso dentro de la gama de Elscooter Scooters. <\/span><\/p>\n<h2><strong>Potencia y alcance innovadores<\/strong><\/h2>\n<p><span style=\"font-size: 115%;\">Con una potente bater\u00eda de celdas de litio Samsung de 48V\/20AH que proporciona un alcance de hasta 100 km, la bicicleta el\u00e9ctrica DOUCHEBIKE 1000W STIL establece nuevos est\u00e1ndares de movilidad. Con una velocidad m\u00e1xima de 25 km\/h (m\u00e1ximo 47 km\/h) y acelerador de pu\u00f1o en el mango derecho, esta bicicleta ofrece una experiencia de conducci\u00f3n emocionante y segura. <\/span><\/p>\n<h2><strong>Adaptada para todos<\/strong><\/h2>\n<p><span style=\"font-size: 115%;\">La bicicleta est\u00e1 dise\u00f1ada para adaptarse a un amplio grupo de usuarios con una altura de 165-195 cm. La tija del sill\u00edn adaptable y el manillar que se puede ajustar en altura garantizan que cada conductor pueda experimentar la m\u00e1xima comodidad y control. <\/span><\/p>\n<h2><strong>Avances tecnol\u00f3gicos<\/strong><\/h2>\n<p><span style=\"font-size: 115%;\">Con Shimano ACERA de 8 velocidades y un robusto cuadro de aluminio que es plegable para facilitar su almacenamiento y transporte, la bicicleta el\u00e9ctrica DOUCHEBIKE 1000W STIL combina la facilidad de uso con los avances tecnol\u00f3gicos. Sus frenos hidr\u00e1ulicos est\u00e1n mejorados para manejar velocidades m\u00e1s altas, lo que aumenta la seguridad. <\/span><\/p>\n<h2><strong>Adaptada para todo tipo de clima y duradera<\/strong><\/h2>\n<p><span style=\"font-size: 115%;\">Los neum\u00e1ticos KENDA SPORT 20*4\u201d ofrecen un excelente agarre en casi <\/span><span style=\"font-size: 115%;\">todas las condiciones clim\u00e1ticas, lo que convierte a la bicicleta el\u00e9ctrica DOUCHEBIKE 1000W STIL en una compa\u00f1era fiable durante todo el a\u00f1o. La resistencia al agua de la bicicleta (IP65) garantiza durabilidad y fiabilidad en diversas condiciones clim\u00e1ticas.<\/span><\/p>\n<h2><strong>Funciones inteligentes<\/strong><\/h2>\n<p><span style=\"font-size: 115%;\">Esta bicicleta el\u00e9ctrica est\u00e1 equipada con una pantalla a color que incluye un ordenador de a bordo y conexi\u00f3n Bluetooth, para que puedas obtener indicaciones a trav\u00e9s de tu tel\u00e9fono. Con un soporte para m\u00f3vil y un puerto USB, puedes mantener f\u00e1cilmente tu dispositivo cargado y accesible durante el recorrido. <\/span><\/p>\n<h2><strong>Pr\u00e1ctica y c\u00f3moda<\/strong><\/h2>\n<p><span style=\"font-size: 115%;\">La bicicleta el\u00e9ctrica DOUCHEBIKE 1000W STIL incluye funciones pr\u00e1cticas como un portaequipajes, una cesta para bicicletas e iluminaci\u00f3n LED. Los guardabarros extendidos de metal (no de pl\u00e1stico) brindan protecci\u00f3n y durabilidad adicionales. <\/span><\/p>\n<h2><strong>Rastrea tu bicicleta<\/strong><\/h2>\n<p><span style=\"font-size: 115%;\">Una emocionante novedad es la posibilidad de rastrear la bicicleta a trav\u00e9s de una aplicaci\u00f3n compatible con iPhone. Esta funci\u00f3n brinda mayor seguridad y comodidad al usuario. <\/span><\/p>\n<h2><strong>Disponibilidad y entrega<\/strong><\/h2>\n<p><span style=\"font-size: 115%;\">La bicicleta el\u00e9ctrica DOUCHEBIKE 1000W STIL est\u00e1 disponible para entrega a domicilio con un costo adicional o recogida en el almac\u00e9n sin costo adicional. Esta bicicleta el\u00e9ctrica es m\u00e1s que un simple medio de transporte; es una inversi\u00f3n en sostenibilidad, estilo y tecnolog\u00eda futura. <\/span><\/p>\n<h2><b>\u00bfQu\u00e9 normas se aplican a las bicicletas el\u00e9ctricas? <\/b><\/h2>\n<p><span style=\"font-size: 115%;\">Te recomendamos que leas las siguientes normas de la Administraci\u00f3n de Transportes de Suecia que encontrar\u00e1s <a href=\"https:\/\/www.transportstyrelsen.se\/sv\/vagtrafik\/Fordon\/Fordonsregler\/Moped\/Elcykel\/\" target=\"_blank\" rel=\"noopener\">aqu\u00ed<\/a><\/span><\/p>\n<p><span style=\"font-size: 115%;\">Para m\u00e1s actualizaciones, s\u00edganos en <a href=\"https:\/\/www.instagram.com\/elscootersweden\/\" target=\"_blank\" rel=\"noopener\">Instagram<\/a>.<\/span><\/p>\n<p id=\"tw-target-text\" class=\"tw-data-text tw-text-large tw-ta\" dir=\"ltr\" data-placeholder=\"Translation\"><span class=\"Y2IQFc\" lang=\"sv\" style=\"font-size: 115%;\">Consulta m\u00e1s <a href=\"https:\/\/elscootersweden.com\/produkt-kategori\/elcykel\/\" target=\"_blank\" rel=\"noopener\">bicicletas el\u00e9ctricas<\/a> de Elscooter Sweden.<\/span><\/p>\n","protected":false},"excerpt":{"rendered":"<p>Bicicleta el\u00e9ctrica DOUCHEBIKE 1000W STIL<\/p>\n","protected":false},"featured_media":4083,"comment_status":"open","ping_status":"closed","template":"","meta":[],"product_brand":[],"product_cat":[45],"product_tag":[],"class_list":{"0":"post-4065","1":"product","2":"type-product","3":"status-publish","4":"has-post-thumbnail","6":"product_cat-bicicletas-electricas","8":"first","9":"instock","10":"sale","11":"purchasable","12":"product-type-simple"},"_links":{"self":[{"href":"https:\/\/elscooterspain.com\/es\/wp-json\/wp\/v2\/product\/4065","targetHints":{"allow":["GET"]}}],"collection":[{"href":"https:\/\/elscooterspain.com\/es\/wp-json\/wp\/v2\/product"}],"about":[{"href":"https:\/\/elscooterspain.com\/es\/wp-json\/wp\/v2\/types\/product"}],"replies":[{"embeddable":true,"href":"https:\/\/elscooterspain.com\/es\/wp-json\/wp\/v2\/comments?post=4065"}],"wp:featuredmedia":[{"embeddable":true,"href":"https:\/\/elscooterspain.com\/es\/wp-json\/wp\/v2\/media\/4083"}],"wp:attachment":[{"href":"https:\/\/elscooterspain.com\/es\/wp-json\/wp\/v2\/media?parent=4065"}],"wp:term":[{"taxonomy":"product_brand","embeddable":true,"href":"https:\/\/elscooterspain.com\/es\/wp-json\/wp\/v2\/product_brand?post=4065"},{"taxonomy":"product_cat","embeddable":true,"href":"https:\/\/elscooterspain.com\/es\/wp-json\/wp\/v2\/product_cat?post=4065"},{"taxonomy":"product_tag","embeddable":true,"href":"https:\/\/elscooterspain.com\/es\/wp-json\/wp\/v2\/product_tag?post=4065"}],"curies":[{"name":"wp","href":"https:\/\/api.w.org\/{rel}","templated":true}]}}