{"id":4084,"date":"2024-09-30T12:40:28","date_gmt":"2024-09-30T10:40:28","guid":{"rendered":"https:\/\/elscooterspain.com\/produkt\/bateria-para-bicicleta-electrica-48v-20ah-celdas-samsung-premium\/"},"modified":"2024-09-30T12:40:28","modified_gmt":"2024-09-30T10:40:28","slug":"bateria-para-bicicleta-electrica-48v-20ah-celdas-samsung-premium","status":"publish","type":"product","link":"https:\/\/elscooterspain.com\/es\/produkt\/bateria-para-bicicleta-electrica-48v-20ah-celdas-samsung-premium\/","title":{"rendered":"Bater\u00eda para bicicleta el\u00e9ctrica 48V\/20AH celdas Samsung &#8211; premium"},"content":{"rendered":"<h2><strong>Informaci\u00f3n del producto para la bater\u00eda de bicicleta el\u00e9ctrica<\/strong><strong>:<\/strong><\/h2>\n<p>Bater\u00eda de litio de alta calidad para bicicleta el\u00e9ctrica 48V\/20AH &#8211; Celdas Samsung 2600Mah, 18650.<\/p>\n<p>\u00a1OJO! Conexi\u00f3n XLR tres orificios en la bater\u00eda y en el cargador tres pines <\/p>\n<p>Vida \u00fatil de aproximadamente 800 ciclos de carga<\/p>\n<p>Transporte incluido en el precio.<\/p>\n<p>&nbsp;<\/p>\n<h2>Lecturas recomendadas:<\/h2>\n<p>Vea tambi\u00e9n <a title=\"bater\u00eda de Samsung\" href=\"https:\/\/elscootersweden.com\/produkt\/batteri-till-elcykel-48v-175ah-samsung\/\" target=\"_blank\" rel=\"noopener\">bater\u00eda de Samsung<\/a> con 800 ciclos de carga.<\/p>\n<p>\u00bfQuiz\u00e1s tambi\u00e9n necesite un <a title=\"cargador de bater\u00eda\" href=\"https:\/\/elscootersweden.com\/produkt\/batteriladdare-48v-2a-elcykel\/\" target=\"_blank\" rel=\"noopener\">cargador de bater\u00eda<\/a> adicional?<\/p>\n<p>\u00a1Aqu\u00ed tambi\u00e9n puede leer m\u00e1s sobre los <a title=\"mitos de las bater\u00edas\" href=\"https:\/\/www.testfakta.se\/sv\/teknik\/article\/se-upp-batterimyterna\" target=\"_blank\" rel=\"noopener\">mitos de las bater\u00edas<\/a> que debe conocer!<\/p>\n","protected":false},"excerpt":{"rendered":"<p>Bater\u00eda para bicicleta el\u00e9ctrica<\/p>\n","protected":false},"featured_media":2930,"comment_status":"open","ping_status":"closed","template":"","meta":[],"product_brand":[],"product_cat":[52],"product_tag":[],"class_list":{"0":"post-4084","1":"product","2":"type-product","3":"status-publish","4":"has-post-thumbnail","6":"product_cat-servicio-y-piezas-de-repuesto","8":"first","9":"instock","10":"taxable","11":"shipping-taxable","12":"purchasable","13":"product-type-simple"},"_links":{"self":[{"href":"https:\/\/elscooterspain.com\/es\/wp-json\/wp\/v2\/product\/4084","targetHints":{"allow":["GET"]}}],"collection":[{"href":"https:\/\/elscooterspain.com\/es\/wp-json\/wp\/v2\/product"}],"about":[{"href":"https:\/\/elscooterspain.com\/es\/wp-json\/wp\/v2\/types\/product"}],"replies":[{"embeddable":true,"href":"https:\/\/elscooterspain.com\/es\/wp-json\/wp\/v2\/comments?post=4084"}],"wp:featuredmedia":[{"embeddable":true,"href":"https:\/\/elscooterspain.com\/es\/wp-json\/wp\/v2\/media\/2930"}],"wp:attachment":[{"href":"https:\/\/elscooterspain.com\/es\/wp-json\/wp\/v2\/media?parent=4084"}],"wp:term":[{"taxonomy":"product_brand","embeddable":true,"href":"https:\/\/elscooterspain.com\/es\/wp-json\/wp\/v2\/product_brand?post=4084"},{"taxonomy":"product_cat","embeddable":true,"href":"https:\/\/elscooterspain.com\/es\/wp-json\/wp\/v2\/product_cat?post=4084"},{"taxonomy":"product_tag","embeddable":true,"href":"https:\/\/elscooterspain.com\/es\/wp-json\/wp\/v2\/product_tag?post=4084"}],"curies":[{"name":"wp","href":"https:\/\/api.w.org\/{rel}","templated":true}]}}