{"id":4085,"date":"2024-09-30T12:41:10","date_gmt":"2024-09-30T10:41:10","guid":{"rendered":"https:\/\/elscooterspain.com\/produkt\/neumatico-de-bicicleta-de-asfalto-ultra-grip-20x4\/"},"modified":"2024-09-30T12:41:10","modified_gmt":"2024-09-30T10:41:10","slug":"neumatico-de-bicicleta-de-asfalto-ultra-grip-20x4","status":"publish","type":"product","link":"https:\/\/elscooterspain.com\/es\/produkt\/neumatico-de-bicicleta-de-asfalto-ultra-grip-20x4\/","title":{"rendered":"Neum\u00e1tico de bicicleta de asfalto ultra grip 20&#215;4&#8243;"},"content":{"rendered":"<h2><strong>Neum\u00e1tico de bicicleta de asfalto ultra grip<\/strong><\/h2>\n<p>Neum\u00e1tico de bicicleta de asfalto ultra grip de la marca Innova para <a href=\"https:\/\/elscootersweden.com\/produkt-kategori\/elcykel\/\" target=\"_blank\" rel=\"noopener\">bicicleta el\u00e9ctrica<\/a> Douchebike con ruedas de 20&#215;4&#8243; pulgadas para circular por asfalto. Goma de alta calidad.<br \/>\nProporciona una conducci\u00f3n suave y silenciosa, as\u00ed como un menor consumo de electricidad y, por lo tanto, una mayor autonom\u00eda en comparaci\u00f3n con los neum\u00e1ticos todoterreno. <\/p>\n<p>El precio es por 1 neum\u00e1tico.<\/p>\n<p><img loading=\"lazy\" decoding=\"async\" class=\"alignnone wp-image-4405 size-medium\" style=\"font-size: 14.4px;\" src=\"https:\/\/elscootersweden.com\/wp-content\/uploads\/2021\/10\/Cykeldack-asfalt-ultra-grip-20x4-1-225x300.png\" alt=\"Neum\u00e1tico de bicicleta de asfalto ultra grip 20x4\" width=\"225\" height=\"300\" title=\"\"><\/p>\n<p>\u00a1Consigue un GPS para tu bicicleta y podr\u00e1s ver d\u00f3nde est\u00e1 en todo momento! \u00a1Echa un vistazo a este <a href=\"https:\/\/elscootersweden.com\/produkt\/gps-sparning-tracker-bike-finder\/\" target=\"_blank\" rel=\"noopener\">localizador GPS<\/a> incre\u00edblemente inteligente! \u00a1Perfecto si te roban la bicicleta! <\/p>\n<p><span style=\"vertical-align: inherit;\">Para m\u00e1s actualizaciones, s\u00edguenos en<\/span> <a href=\"https:\/\/www.instagram.com\/elscootersweden\/\" target=\"_blank\" rel=\"noopener\"><span style=\"vertical-align: inherit;\">Instagram.<\/span><\/a><\/p>\n","protected":false},"excerpt":{"rendered":"<p>Neum\u00e1tico de bicicleta de la marca Innova para Ghostride con ruedas de 20&#215;4&#8243; pulgadas para circular por asfalto. Goma de alta calidad. <\/p>\n","protected":false},"featured_media":2947,"comment_status":"open","ping_status":"closed","template":"","meta":[],"product_brand":[],"product_cat":[52],"product_tag":[],"class_list":{"0":"post-4085","1":"product","2":"type-product","3":"status-publish","4":"has-post-thumbnail","6":"product_cat-servicio-y-piezas-de-repuesto","8":"first","9":"instock","10":"taxable","11":"shipping-taxable","12":"purchasable","13":"product-type-simple"},"_links":{"self":[{"href":"https:\/\/elscooterspain.com\/es\/wp-json\/wp\/v2\/product\/4085","targetHints":{"allow":["GET"]}}],"collection":[{"href":"https:\/\/elscooterspain.com\/es\/wp-json\/wp\/v2\/product"}],"about":[{"href":"https:\/\/elscooterspain.com\/es\/wp-json\/wp\/v2\/types\/product"}],"replies":[{"embeddable":true,"href":"https:\/\/elscooterspain.com\/es\/wp-json\/wp\/v2\/comments?post=4085"}],"wp:featuredmedia":[{"embeddable":true,"href":"https:\/\/elscooterspain.com\/es\/wp-json\/wp\/v2\/media\/2947"}],"wp:attachment":[{"href":"https:\/\/elscooterspain.com\/es\/wp-json\/wp\/v2\/media?parent=4085"}],"wp:term":[{"taxonomy":"product_brand","embeddable":true,"href":"https:\/\/elscooterspain.com\/es\/wp-json\/wp\/v2\/product_brand?post=4085"},{"taxonomy":"product_cat","embeddable":true,"href":"https:\/\/elscooterspain.com\/es\/wp-json\/wp\/v2\/product_cat?post=4085"},{"taxonomy":"product_tag","embeddable":true,"href":"https:\/\/elscooterspain.com\/es\/wp-json\/wp\/v2\/product_tag?post=4085"}],"curies":[{"name":"wp","href":"https:\/\/api.w.org\/{rel}","templated":true}]}}