{"id":4095,"date":"2024-09-30T12:29:49","date_gmt":"2024-09-30T10:29:49","guid":{"rendered":"https:\/\/elscooterspain.com\/produkt\/e-foil-waydoo-flyer-one-plus-tabla-de-e-foil-6000w-pro-75-min-de-autonomia\/"},"modified":"2025-12-04T12:36:12","modified_gmt":"2025-12-04T11:36:12","slug":"e-foil-waydoo-flyer-one-plus-tabla-de-e-foil-6000w-pro-75-min-de-autonomia","status":"publish","type":"product","link":"https:\/\/elscooterspain.com\/es\/produkt\/e-foil-waydoo-flyer-one-plus-tabla-de-e-foil-6000w-pro-75-min-de-autonomia\/","title":{"rendered":"E-Foil &#8211; Waydoo Flyer One PLUS tabla de e-foil 6000W pro &#8211; 75 min de autonom\u00eda"},"content":{"rendered":"<h2>Tabla de e-foil Waydoo Flyer One &#8211; Para hacer olas sin olas<\/h2>\n<p>El surf ha existido durante d\u00e9cadas y es un deporte popular en todo el mundo. Los surfistas utilizan tablas de surf que requieren olas para surfear y navegar. \u00bfAlguna vez pensaste que realmente se puede surfear en el agua sin olas? Si no, probablemente nunca has o\u00eddo hablar de una tabla de surf el\u00e9ctrica o e-foil. Presentamos la tabla de e-foil Waydoo Flyer One, la mejor tabla de surf el\u00e9ctrica del mercado que promete una experiencia que nunca olvidar\u00e1. \u00a1La sensaci\u00f3n de flotar en el agua es absolutamente fant\u00e1stica! \u00a1Tiene que ser experimentado!      <\/p>\n<p>Esta es una tabla de surf el\u00e9ctrica profesional (tabla E-foil). Alta calidad en todos los aspectos. La autonom\u00eda impresiona con 75 minutos de conducci\u00f3n con una sola carga. Muchos la consideran la mejor del mercado y, adem\u00e1s, tiene un precio mucho mejor que las de la competencia, que cuestan alrededor de 100.000 \u20ac.<\/p>\n<h2>\u00a1Ofrecemos 2 a\u00f1os de garant\u00eda en todos los productos de Waydoo!<\/h2>\n<h3>Estado del stock: \u00a1Disponible en stock en Holanda para su entrega y con env\u00edo incluido!<\/h3>\n<h3><\/h3>\n<h3><strong>Tabla de surf el\u00e9ctrica: Waydoo Flyer One PLUS, e-foil board 6000W <span class=\"Y2IQFc\" lang=\"sv\">especificaci\u00f3n:<\/span><\/strong><\/h3>\n<p>+ Tabla en espuma EPP para que sea lo m\u00e1s f\u00e1cil de controlar posible.<br \/>\n+ M\u00e1stil: Aluminio 6061<br \/>\n+ Ala: Fibra de vidrio<br \/>\n+ Dimensiones de la tabla: 168x70x105 cm<br \/>\n+ Motor: Motor el\u00e9ctrico de 6000W<br \/>\n+ Velocidad m\u00e1xima: aprox. 36 km\/h<br \/>\n+ Tiempo de carga de la bater\u00eda: 2 horas. Autonom\u00eda: 75 minutos con una sola carga<x id=\"gid_4\"><\/x>+ Bater\u00eda de litio 32500 Mah\/1683Wh<x id=\"gid_5\"><\/x>+ Sistema el\u00e9ctrico: 14S\/51,8 voltios<x id=\"gid_6\"><\/x>+ Mando a distancia resistente al agua con pantalla OLED. 24 modos de velocidad diferentes.<br \/>\n+ Peso de la tabla: 7,5 kg sin bater\u00eda ni m\u00e1stil. Peso total: 27 kg<br \/>\n+ Peso m\u00e1ximo en la tabla: aprox. 100 kg<br \/>\n+ Clasificaci\u00f3n de resistencia al agua IP67 <\/p>\n<p>Ver v\u00eddeos a continuaci\u00f3n:::::<\/p>\n<p><iframe loading=\"lazy\" title=\"Reproductor de v\u00eddeo de YouTube\" src=\"https:\/\/www.youtube.com\/embed\/ucqoSiDx7yI\" width=\"560\" height=\"315\" frameborder=\"0\" allowfullscreen=\"allowfullscreen\"><\/iframe><\/p>\n<p><iframe loading=\"lazy\" title=\"Reproductor de v\u00eddeo de YouTube\" src=\"https:\/\/www.youtube.com\/embed\/OSPqoxJRZvQ\" width=\"560\" height=\"315\" frameborder=\"0\" allowfullscreen=\"allowfullscreen\"><\/iframe><\/p>\n<p><iframe loading=\"lazy\" title=\"Reproductor de v\u00eddeo de YouTube\" src=\"https:\/\/www.youtube.com\/embed\/UtRd69NSfik\" width=\"560\" height=\"315\" frameborder=\"0\" allowfullscreen=\"allowfullscreen\"><\/iframe><\/p>\n<p><iframe loading=\"lazy\" title=\"Reproductor de v\u00eddeo de YouTube\" src=\"https:\/\/www.youtube.com\/embed\/acYkJIfF7xY\" width=\"560\" height=\"315\" frameborder=\"0\" allowfullscreen=\"allowfullscreen\"><\/iframe><\/p>\n<h2>\u00bfC\u00f3mo funciona la tabla de E-Foil Waydoo Flyer One?<\/h2>\n<p>Hace apenas unos a\u00f1os, el mundo empez\u00f3 a volverse loco por los hoverboards. El aparato de movimiento de detecci\u00f3n de movimiento de dos ruedas despert\u00f3 un gran inter\u00e9s en todo el mundo y dio lugar a muchas adaptaciones de la tecnolog\u00eda. Otra adaptaci\u00f3n nos ha transformado para movernos sobre el agua con la introducci\u00f3n de la tabla de e-foil Waydoo Flyer One, la tabla de surf el\u00e9ctrica m\u00e1s avanzada tecnol\u00f3gicamente del mercado.  <\/p>\n<p>La tabla de e-foil Waydoo Flyer One es una tabla de surf el\u00e9ctrica que se utiliza para moverse sobre el agua sin olas. A diferencia de una tabla de surf convencional, la tabla de e-foil Waydoo se mueve por s\u00ed sola sobre el agua mediante un mando a distancia de mano. El desplazamiento del peso del cuerpo ayuda a la tabla a moverse de una direcci\u00f3n a otra, como una tabla de hoverboard. Todo lo que tienes que hacer es subirte a la tabla, mantener el equilibrio, acelerar con el mando a distancia y experimentar la m\u00e1gica sensaci\u00f3n de flotar sobre el agua.   <\/p>\n<p><iframe loading=\"lazy\" title=\"Reproductor de v\u00eddeo de YouTube\" src=\"https:\/\/www.youtube.com\/embed\/gn-JioY4MDg?si=9mtYkxQgrXqdBUn-\" width=\"560\" height=\"315\" frameborder=\"0\" allowfullscreen=\"allowfullscreen\"><\/iframe><\/p>\n<h3>Dise\u00f1o y usabilidad de vanguardia<\/h3>\n<p>La tabla de e-foil Waydoo est\u00e1 dise\u00f1ada por ingenieros innovadores y est\u00e1 hecha con materiales de primera calidad. El dispositivo funciona el\u00e9ctricamente con bater\u00edas y funciona hasta 75 minutos con una sola carga. El uso de materiales como la fibra de carbono y el aluminio hace que la tabla de surf E-foil sea ligera y f\u00e1cil de transportar.  <\/p>\n<p>La tabla de E-foil Waydoo Flyer One viene con una bolsa que garantiza una buena protecci\u00f3n para todas las partes de la tabla. La tabla de surf es f\u00e1cil de montar tanto antes de su uso como de desmontar despu\u00e9s de su uso. La bolsa compacta y funcional facilita el transporte y la protecci\u00f3n de la tabla. Las diferentes partes de la tabla de surf son f\u00e1ciles de montar y quitar.   <\/p>\n<h3><\/h3>\n<h3>Pru\u00e9balo antes de comprar<\/h3>\n<p>\u00bfNo est\u00e1s seguro de que la tabla de efoil Waydoo sea para ti? \u00bfPor qu\u00e9 no la pruebas para estar seguro? La prueba de conducci\u00f3n y la inspecci\u00f3n del producto est\u00e1n disponibles en J\u00f6nk\u00f6ping por 800 coronas durante 60 minutos.  <\/p>\n<p>Elscooter Sweden tiene una visi\u00f3n global y se esfuerza por ser l\u00edder del mercado en lo que respecta a soluciones de transporte m\u00e1s ecol\u00f3gicas y sostenibles.<\/p>\n<p>Si quieres mantenerte alejado del agua y de una tabla de surf el\u00e9ctrica, tambi\u00e9n tenemos <a href=\"https:\/\/elscootersweden.com\/produkt-kategori\/elmotorcykel\/\" target=\"_blank\" rel=\"noopener\">motocicletas el\u00e9ctricas<\/a>, <a href=\"https:\/\/elscootersweden.com\/produkt-kategori\/elcykel\/\" target=\"_blank\" rel=\"noopener\">bicicletas el\u00e9ctricas<\/a> y <a href=\"https:\/\/elscootersweden.com\/produkt-kategori\/elscooter\/\" target=\"_blank\" rel=\"noopener\">patinetes el\u00e9ctricos<\/a> realmente potentes en modelos tanto para hombre como para mujer.<\/p>\n<p>Para m\u00e1s actualizaciones, s\u00edganos en <a href=\"https:\/\/www.instagram.com\/elscootersweden\/\" target=\"_blank\" rel=\"noopener\">Instagram<\/a>.<\/p>\n","protected":false},"excerpt":{"rendered":"<h3>E-Foil<\/h3>\n<h3><\/h3>\n<h3>Esta es una tabla de surf el\u00e9ctrica profesional (tabla de E-foil). Alta calidad en todo. La tabla de e-foil Waydoo Flyer One es s\u00faper genial, de alta tecnolog\u00eda, el\u00e9ctrica y, sencillamente, muy divertida.  <\/h3>\n<p><iframe loading=\"lazy\" title=\"Reproductor de v\u00eddeo de YouTube\" src=\"https:\/\/www.youtube.com\/embed\/qFuJvjeLAbI\" width=\"560\" height=\"315\" frameborder=\"0\" allowfullscreen=\"allowfullscreen\"><\/iframe><\/p>\n","protected":false},"featured_media":4097,"comment_status":"open","ping_status":"closed","template":"","meta":[],"product_brand":[],"product_cat":[48],"product_tag":[],"class_list":{"0":"post-4095","1":"product","2":"type-product","3":"status-publish","4":"has-post-thumbnail","6":"product_cat-e-foil","8":"first","9":"outofstock","10":"purchasable","11":"product-type-simple"},"_links":{"self":[{"href":"https:\/\/elscooterspain.com\/es\/wp-json\/wp\/v2\/product\/4095","targetHints":{"allow":["GET"]}}],"collection":[{"href":"https:\/\/elscooterspain.com\/es\/wp-json\/wp\/v2\/product"}],"about":[{"href":"https:\/\/elscooterspain.com\/es\/wp-json\/wp\/v2\/types\/product"}],"replies":[{"embeddable":true,"href":"https:\/\/elscooterspain.com\/es\/wp-json\/wp\/v2\/comments?post=4095"}],"wp:featuredmedia":[{"embeddable":true,"href":"https:\/\/elscooterspain.com\/es\/wp-json\/wp\/v2\/media\/4097"}],"wp:attachment":[{"href":"https:\/\/elscooterspain.com\/es\/wp-json\/wp\/v2\/media?parent=4095"}],"wp:term":[{"taxonomy":"product_brand","embeddable":true,"href":"https:\/\/elscooterspain.com\/es\/wp-json\/wp\/v2\/product_brand?post=4095"},{"taxonomy":"product_cat","embeddable":true,"href":"https:\/\/elscooterspain.com\/es\/wp-json\/wp\/v2\/product_cat?post=4095"},{"taxonomy":"product_tag","embeddable":true,"href":"https:\/\/elscooterspain.com\/es\/wp-json\/wp\/v2\/product_tag?post=4095"}],"curies":[{"name":"wp","href":"https:\/\/api.w.org\/{rel}","templated":true}]}}