{"id":4135,"date":"2024-09-30T12:41:09","date_gmt":"2024-09-30T10:41:09","guid":{"rendered":"https:\/\/elscooterspain.com\/produkt\/bateria-para-bicicleta-electrica-48v-175ah-celdas-lg-en-el-cuadro\/"},"modified":"2024-09-30T12:41:09","modified_gmt":"2024-09-30T10:41:09","slug":"bateria-para-bicicleta-electrica-48v-175ah-celdas-lg-en-el-cuadro","status":"publish","type":"product","link":"https:\/\/elscooterspain.com\/es\/produkt\/bateria-para-bicicleta-electrica-48v-175ah-celdas-lg-en-el-cuadro\/","title":{"rendered":"Bater\u00eda para bicicleta el\u00e9ctrica 48V\/17,5Ah celdas LG (en el cuadro)"},"content":{"rendered":"<h2>Bater\u00eda para bicicleta el\u00e9ctrica 48V\/17,5Ah LG<\/h2>\n<p>Bater\u00eda muy potente con una autonom\u00eda de hasta 80 km con una sola carga.<\/p>\n<p>Se carga en un puerto mini-XLR.<\/p>\n<p>Compatible con varias bicicletas el\u00e9ctricas, como Douchebike y GHOSTRIDE, que tienen la bater\u00eda en el cuadro, pero tambi\u00e9n puede funcionar con otras bicicletas.<\/p>\n<p><strong>Celdas LG 3200Mah<\/strong>. de tipo 18650. <\/p>\n<p>Vida \u00fatil de aproximadamente 800 ciclos de carga.<\/p>\n<p>Precio con env\u00edo incluido.<\/p>\n<p>&nbsp;<\/p>\n<p>Lecturas recomendadas:<\/p>\n<p>\u00a1Echa un vistazo tambi\u00e9n a nuestras <a href=\"https:\/\/elscootersweden.com\/produkt\/bromshandtag-med-cut-off-funktion\/\" target=\"_blank\" rel=\"noopener\">manetas de freno con funci\u00f3n de corte<\/a>!<\/p>\n<p>\u00a1Aqu\u00ed tambi\u00e9n puede leer m\u00e1s sobre los <a title=\"mitos de las bater\u00edas\" href=\"https:\/\/www.testfakta.se\/sv\/teknik\/article\/se-upp-batterimyterna\" target=\"_blank\" rel=\"noopener\">mitos de las bater\u00edas<\/a> que debe conocer!<\/p>\n","protected":false},"excerpt":{"rendered":"<p>Bater\u00eda para bicicleta el\u00e9ctrica<\/p>\n","protected":false},"featured_media":2941,"comment_status":"open","ping_status":"closed","template":"","meta":[],"product_brand":[],"product_cat":[52],"product_tag":[],"class_list":{"0":"post-4135","1":"product","2":"type-product","3":"status-publish","4":"has-post-thumbnail","6":"product_cat-servicio-y-piezas-de-repuesto","8":"first","9":"instock","10":"taxable","11":"shipping-taxable","12":"purchasable","13":"product-type-simple"},"_links":{"self":[{"href":"https:\/\/elscooterspain.com\/es\/wp-json\/wp\/v2\/product\/4135","targetHints":{"allow":["GET"]}}],"collection":[{"href":"https:\/\/elscooterspain.com\/es\/wp-json\/wp\/v2\/product"}],"about":[{"href":"https:\/\/elscooterspain.com\/es\/wp-json\/wp\/v2\/types\/product"}],"replies":[{"embeddable":true,"href":"https:\/\/elscooterspain.com\/es\/wp-json\/wp\/v2\/comments?post=4135"}],"wp:featuredmedia":[{"embeddable":true,"href":"https:\/\/elscooterspain.com\/es\/wp-json\/wp\/v2\/media\/2941"}],"wp:attachment":[{"href":"https:\/\/elscooterspain.com\/es\/wp-json\/wp\/v2\/media?parent=4135"}],"wp:term":[{"taxonomy":"product_brand","embeddable":true,"href":"https:\/\/elscooterspain.com\/es\/wp-json\/wp\/v2\/product_brand?post=4135"},{"taxonomy":"product_cat","embeddable":true,"href":"https:\/\/elscooterspain.com\/es\/wp-json\/wp\/v2\/product_cat?post=4135"},{"taxonomy":"product_tag","embeddable":true,"href":"https:\/\/elscooterspain.com\/es\/wp-json\/wp\/v2\/product_tag?post=4135"}],"curies":[{"name":"wp","href":"https:\/\/api.w.org\/{rel}","templated":true}]}}