{"id":4203,"date":"2025-02-18T14:44:21","date_gmt":"2025-02-18T13:44:21","guid":{"rendered":"https:\/\/elscooterspain.com\/produkt\/bicicleta-electrica-douchebike-1000w-patron-alcance-100-km\/"},"modified":"2025-02-18T14:44:21","modified_gmt":"2025-02-18T13:44:21","slug":"bicicleta-electrica-douchebike-1000w-patron-alcance-100-km","status":"publish","type":"product","link":"https:\/\/elscooterspain.com\/es\/produkt\/bicicleta-electrica-douchebike-1000w-patron-alcance-100-km\/","title":{"rendered":"Bicicleta el\u00e9ctrica DOUCHEBIKE 1000W PATRON &#8211; alcance 100 km"},"content":{"rendered":"<h2><strong>Bicicleta el\u00e9ctrica DOUCHEBIKE 1000W Patron \u2013 Bicicleta el\u00e9ctrica MTB potente y flexible<\/strong><\/h2>\n<p>Descubre la m\u00e1xima libertad con la <strong>Douchebike 1000W Patron<\/strong>, una bicicleta el\u00e9ctrica MTB vers\u00e1til dise\u00f1ada para todo tipo de terrenos con neum\u00e1ticos gordos KENDA EL CAPO de 2,4\u2033, desde asfalto hasta grava y caminos forestales. Esta bicicleta el\u00e9ctrica est\u00e1 equipada con un potente motor de 1000W que te proporciona la potencia extra que necesitas en las subidas, mientras que los robustos frenos garantizan el control incluso a altas velocidades. Con la posibilidad de quitar f\u00e1cilmente los guardabarros y el portaequipajes, puedes personalizar el aspecto de la bicicleta para un look m\u00e1s bruto y moderno. Adem\u00e1s de su gran rendimiento, la Douchebike ofrece una experiencia de conducci\u00f3n c\u00f3moda gracias a los amortiguadores tanto en la parte delantera como en la tija del sill\u00edn.   <\/p>\n<p>Con una bater\u00eda discretamente integrada en el cuadro, la bicicleta ofrece una impresionante autonom\u00eda de hasta 100 km por carga en modo eco. Elija la Douchebike 1000W Patron para una experiencia de ciclismo eficiente, c\u00f3moda y elegante en entornos urbanos y en la naturaleza. Siente la libertad: \u00a1experimenta Douchebike hoy mismo!  <\/p>\n<p>La Douchebike 1000W Patron es m\u00e1s que una simple bicicleta el\u00e9ctrica. Es una soluci\u00f3n de \u00faltima generaci\u00f3n para aventuras urbanas y todoterreno. Con su <g id=\"gid_0\">motor el\u00e9ctrico QS de 1000 vatios<\/g> situado en la rueda trasera, esta bicicleta el\u00e9ctrica ofrece un funcionamiento fiable y potente. La bicicleta est\u00e1 equipada con <strong>celdas LG de litio de alta calidad de grado A<\/strong> (48V\/17,5AH), lo que ofrece una vida \u00fatil de hasta 1000 cargas y permite una autonom\u00eda de <strong>100 km en condiciones \u00f3ptimas<\/strong>.   <\/p>\n<h2><\/h2>\n<h2><strong>Especificaciones de la bicicleta el\u00e9ctrica DOUCHEBIKE 1000W PATRON:<\/strong><\/h2>\n<ul>\n<li>Motor el\u00e9ctrico: QS <strong>1000 vatios en la rueda trasera<\/strong><\/li>\n<li><strong>Bater\u00eda: Celdas LG de litio de grado A 48V\/17,5AH. Vida \u00fatil: hasta 1000 cargas <\/strong><\/li>\n<li><strong>Alcance: 100 km<\/strong> en condiciones \u00f3ptimas.<\/li>\n<li><span class=\"colour\"><span class=\"oneComWebmail-font\"><span class=\"size\">Velocidad: 25 km\/h (m\u00e1ximo 45)<\/span><\/span><\/span><\/li>\n<li>Acelerador de pu\u00f1o en el mango derecho<\/li>\n<li><strong>La bicicleta es adecuada para una altura de 170-190 cm<\/strong><\/li>\n<li>Shimano ALTUS 8 velocidades<\/li>\n<li><strong>Frenos hidr\u00e1ulicos. <\/strong>pinzas de freno mejoradas con pastillas de freno m\u00e1s grandes que pueden soportar velocidades m\u00e1s altas.<\/li>\n<li>Se conduce como un ciclomotor de clase 2<\/li>\n<li>Neum\u00e1ticos: KENDA EL CAPO 29*2,4\u201d.<\/li>\n<li>F\u00e1cil de quitar la bater\u00eda y cargarla por separado.<\/li>\n<li>Bater\u00eda bloqueable. Tiempo de carga: aprox. 8 horas. <\/li>\n<li>Peso: 30 kg<\/li>\n<li>Peso m\u00e1ximo en la bicicleta: 130 kg<\/li>\n<li>Portaequipajes trasero incluido<\/li>\n<li>Iluminaci\u00f3n LED delantera y luz trasera<\/li>\n<li><strong>Guardabarros extendidos<\/strong> delanteros y traseros de metal. No de pl\u00e1stico. <\/li>\n<li>Soporte para m\u00f3vil en el manillar. Puedes cargar tu m\u00f3vil a trav\u00e9s del puerto USB en la pantalla. <\/li>\n<li>Cargador 220 voltios, 54,6\/2A.<\/li>\n<li>Resistente al agua \u2013 S\u00cd. IP65. Esta bicicleta soporta muy bien el agua, lo que la convierte en una buena bicicleta para todo el a\u00f1o.  <\/li>\n<li>NOVEDAD: Pantalla a color con ordenador de a bordo y Bluetooth.<\/li>\n<li>Puede obtener indicaciones en la pantalla, a trav\u00e9s de Bluetooth, que se conecta a su tel\u00e9fono.<\/li>\n<\/ul>\n<h1>Color: Gris mate<\/h1>\n","protected":false},"excerpt":{"rendered":"<h2>Bicicleta el\u00e9ctrica DOUCHEBIKE 1000W PATRON &#8211; alcance 100 k<\/h2>\n","protected":false},"featured_media":4207,"comment_status":"open","ping_status":"closed","template":"","meta":[],"product_brand":[],"product_cat":[45],"product_tag":[],"class_list":{"0":"post-4203","1":"product","2":"type-product","3":"status-publish","4":"has-post-thumbnail","6":"product_cat-bicicletas-electricas","8":"first","9":"instock","10":"sale","11":"purchasable","12":"product-type-simple"},"_links":{"self":[{"href":"https:\/\/elscooterspain.com\/es\/wp-json\/wp\/v2\/product\/4203","targetHints":{"allow":["GET"]}}],"collection":[{"href":"https:\/\/elscooterspain.com\/es\/wp-json\/wp\/v2\/product"}],"about":[{"href":"https:\/\/elscooterspain.com\/es\/wp-json\/wp\/v2\/types\/product"}],"replies":[{"embeddable":true,"href":"https:\/\/elscooterspain.com\/es\/wp-json\/wp\/v2\/comments?post=4203"}],"wp:featuredmedia":[{"embeddable":true,"href":"https:\/\/elscooterspain.com\/es\/wp-json\/wp\/v2\/media\/4207"}],"wp:attachment":[{"href":"https:\/\/elscooterspain.com\/es\/wp-json\/wp\/v2\/media?parent=4203"}],"wp:term":[{"taxonomy":"product_brand","embeddable":true,"href":"https:\/\/elscooterspain.com\/es\/wp-json\/wp\/v2\/product_brand?post=4203"},{"taxonomy":"product_cat","embeddable":true,"href":"https:\/\/elscooterspain.com\/es\/wp-json\/wp\/v2\/product_cat?post=4203"},{"taxonomy":"product_tag","embeddable":true,"href":"https:\/\/elscooterspain.com\/es\/wp-json\/wp\/v2\/product_tag?post=4203"}],"curies":[{"name":"wp","href":"https:\/\/api.w.org\/{rel}","templated":true}]}}