{"id":4216,"date":"2024-11-26T11:42:32","date_gmt":"2024-11-26T10:42:32","guid":{"rendered":"https:\/\/elscooterspain.com\/produkt\/douche-k2000-autonomia-de-60-km\/"},"modified":"2024-11-26T11:42:32","modified_gmt":"2024-11-26T10:42:32","slug":"douche-k2000-autonomia-de-60-km","status":"publish","type":"product","link":"https:\/\/elscooterspain.com\/es\/produkt\/douche-k2000-autonomia-de-60-km\/","title":{"rendered":"DOUCHE K2000 &#8211; Autonom\u00eda de 60 km"},"content":{"rendered":"<h2>DOUCHE K2000<\/h2>\n<h2><\/h2>\n<h3>Esta bicicleta tiene un dise\u00f1o retro combinado con un motor el\u00e9ctrico, lo que la convierte en una verdadera m\u00e1quina de diversi\u00f3n. El motor es potente, de 750 W, y se come las cuestas como desayuno. Se puede elegir entre acelerador o asistencia al pedaleo. As\u00ed que no tienes que pedalear. \u00bfNo es genial? El cuadro es de aluminio de aviaci\u00f3n, lo que significa que no se oxida y mantiene un peso relativamente bajo. Los frenos son hidr\u00e1ulicos y proporcionan una frenada directa y una conducci\u00f3n segura, incluso a alta velocidad. Los cambios son Shimano, de 7 velocidades. La bater\u00eda est\u00e1 situada debajo del sill\u00edn y contiene celdas de clase A de 48 V\/17 AH que proporcionan una autonom\u00eda de 60 km en modo eco. Disfruta de una bicicleta el\u00e9ctrica realmente genial que te lleva de forma potente y a la vez suave.<\/h3>\n<h3>La bicicleta est\u00e1 en stock en Polonia para entrega directa a tu domicilio. Plazo de entrega de unos 7 d\u00edas laborables. Env\u00edo gratuito a toda la UE.  <\/h3>\n<h3>Especificaciones DOUCHE K2000:<\/h3>\n<p>+ Motor: QS 750 vatios<\/p>\n<p>+ Bater\u00eda: Litio A-grade 48V\/17AH<\/p>\n<p>+ Autonom\u00eda: 60 km<\/p>\n<p><span class=\"colour\"><span class=\"oneComWebmail-font\"><span class=\"size\">+ Velocidad: 25 km\/h (m\u00e1x. 42)<\/span><\/span><\/span><\/p>\n<p>+ Acelerador de pulgar en el pu\u00f1o derecho<\/p>\n<p><strong>+ \u00a1OJO! La bicicleta es adecuada para una altura de 165-180 cm. El sill\u00edn no se puede ajustar en altura.  <\/strong><\/p>\n<p>+ Shimano 7 velocidades Tourney<\/p>\n<p>+ Cuadro de aluminio<\/p>\n<p>+ <strong>Frenos hidr\u00e1ulicos<\/strong> con discos de freno<\/p>\n<p>+ Se conduce como ciclomotor de clase 2<\/p>\n<p>+ Neum\u00e1ticos: CST 20*4\u201d. Los neum\u00e1ticos de 10 cm de ancho proporcionan un agarre \u00f3ptimo durante todo el a\u00f1o. <\/p>\n<p>+ Dimensiones de la caja: 148x26x86cm<\/p>\n<p>+ F\u00e1cil de quitar la bater\u00eda y cargarla por separado.<\/p>\n<p>+ Bater\u00eda bloqueable. Tiempo de carga: aprox. 7 horas. <\/p>\n<p>+ Peso: 32 kg<\/p>\n<p>+ Peso m\u00e1ximo: 120 kg<\/p>\n<p>+ Se puede pedir con o sin logotipo en la bicicleta<\/p>\n<p>+ Iluminaci\u00f3n LED delantera y trasera<\/p>\n<p>+ Guardabarros delantero y trasero.<\/p>\n<p>+ Soporte para m\u00f3vil con puerto de carga (USB) en el manillar<\/p>\n<p>+ Cargador 220 Voltios<\/p>\n<p>+ Resistente al agua &#8211; S\u00cd. IP65 <\/p>\n","protected":false},"excerpt":{"rendered":"<p>DOUCHE K2000<\/p>\n","protected":false},"featured_media":4217,"comment_status":"open","ping_status":"closed","template":"","meta":[],"product_brand":[],"product_cat":[45],"product_tag":[],"class_list":{"0":"post-4216","1":"product","2":"type-product","3":"status-publish","4":"has-post-thumbnail","6":"product_cat-bicicletas-electricas","8":"first","9":"outofstock","10":"purchasable","11":"product-type-simple"},"_links":{"self":[{"href":"https:\/\/elscooterspain.com\/es\/wp-json\/wp\/v2\/product\/4216","targetHints":{"allow":["GET"]}}],"collection":[{"href":"https:\/\/elscooterspain.com\/es\/wp-json\/wp\/v2\/product"}],"about":[{"href":"https:\/\/elscooterspain.com\/es\/wp-json\/wp\/v2\/types\/product"}],"replies":[{"embeddable":true,"href":"https:\/\/elscooterspain.com\/es\/wp-json\/wp\/v2\/comments?post=4216"}],"wp:featuredmedia":[{"embeddable":true,"href":"https:\/\/elscooterspain.com\/es\/wp-json\/wp\/v2\/media\/4217"}],"wp:attachment":[{"href":"https:\/\/elscooterspain.com\/es\/wp-json\/wp\/v2\/media?parent=4216"}],"wp:term":[{"taxonomy":"product_brand","embeddable":true,"href":"https:\/\/elscooterspain.com\/es\/wp-json\/wp\/v2\/product_brand?post=4216"},{"taxonomy":"product_cat","embeddable":true,"href":"https:\/\/elscooterspain.com\/es\/wp-json\/wp\/v2\/product_cat?post=4216"},{"taxonomy":"product_tag","embeddable":true,"href":"https:\/\/elscooterspain.com\/es\/wp-json\/wp\/v2\/product_tag?post=4216"}],"curies":[{"name":"wp","href":"https:\/\/api.w.org\/{rel}","templated":true}]}}