{"id":4219,"date":"2024-11-22T10:34:12","date_gmt":"2024-11-22T09:34:12","guid":{"rendered":"https:\/\/elscooterspain.com\/produkt\/douche-svan-750w-autonomia-de-70km\/"},"modified":"2024-11-22T10:34:12","modified_gmt":"2024-11-22T09:34:12","slug":"douche-svan-750w-autonomia-de-70km","status":"publish","type":"product","link":"https:\/\/elscooterspain.com\/es\/produkt\/douche-svan-750w-autonomia-de-70km\/","title":{"rendered":"DOUCHE Svan 750W &#8211; Autonom\u00eda de 70km"},"content":{"rendered":"<h3 style=\"text-align: left;\"><span style=\"font-size: 115%;\">DOUCHE Svan <\/span><span style=\"font-size: 115%;\">750W <\/span><span style=\"font-size: 115%;\">puedes elegir si quieres recibir asistencia el\u00e9ctrica a trav\u00e9s de los pedales<\/span> o si solo quieres usar el acelerador sin pedalear.<\/h3>\n<h3 style=\"text-align: left;\">Alta comodidad con sill\u00edn ancho y blando. Suspensi\u00f3n en la tija del sill\u00edn. Amortiguadores delanteros. Manillar ajustable en altura.<br \/>\nLa bater\u00eda es f\u00e1cil de extraer y cargar. Pliega la bicicleta por la mitad y m\u00e9tela f\u00e1cilmente en el coche. Motor potente que supera todas las cuestas sin problemas.     <\/h3>\n<h2><b><br \/>\nE<\/b><b>specificaciones:<\/b><\/h2>\n<p>+ Motor el\u00e9ctrico: QS 750 vatios. \u00a1Motor muy potente! <\/p>\n<p>+ Bater\u00eda: Litio A-grade 48V\/15AH<\/p>\n<p>+ <strong>Autonom\u00eda: 50 km<\/strong> en condiciones \u00f3ptimas<\/p>\n<p><span class=\"colour\"><span class=\"oneComWebmail-font\"><span class=\"size\">+ Velocidad: 25 km\/h (M\u00e1x. 45)<\/span><\/span><\/span><\/p>\n<p>+ Acelerador de pu\u00f1o en el mango derecho<\/p>\n<p>+ La bicicleta es adecuada para una altura de 165-190 cm<\/p>\n<p>+ Shimano 7 velocidades Tourney<\/p>\n<p>+ <strong>Cuadro de aluminio, plegable por la mitad<\/strong><\/p>\n<p>+ Frenos mec\u00e1nicos con discos de freno<\/p>\n<p>+ Se conduce como ciclomotor de clase 2<\/p>\n<p>+ Neum\u00e1ticos: Los neum\u00e1ticos anchos de 20&#215;4&#8243; ofrecen un buen agarre durante todo el a\u00f1o.<\/p>\n<p>+ Novedad: Llantas de aluminio. Negro. <\/p>\n<p>+ Dimensiones: Altura del manillar 105-115 cm, Altura del sill\u00edn 70-110 cm, Longitud 157 cm<\/p>\n<p>+ Dimensiones plegada: 85l*45b*75h cm<\/p>\n<p>+ F\u00e1cil de quitar la bater\u00eda y cargarla por separado.<\/p>\n<p>+ Bater\u00eda con cerradura. Tiempo de carga: 8,5 horas. <\/p>\n<p>+ Peso: 26 kg<\/p>\n<p>+ Peso m\u00e1ximo: 120 kg<\/p>\n<p>+ Se puede pedir con o sin logotipo en la bicicleta<\/p>\n<p>+ Portaequipajes<\/p>\n<p>+ Cesta de bicicleta delantera incluida<\/p>\n<p>+ Bolsa en el manillar incluida<\/p>\n<p>+ Iluminaci\u00f3n LED delantera y luz trasera<\/p>\n<p>+ Guardabarros delantero y trasero.<\/p>\n<p>+ Soporte para m\u00f3vil con puerto de carga (USB) en el manillar<\/p>\n<p>+ Cargador 220 Voltios<\/p>\n<p>+ Resistente al agua &#8211; S\u00cd. IP65 <\/p>\n<h3><strong>Informaci\u00f3n de entrega:<\/strong><\/h3>\n<p><strong style=\"font-size: 20.16px; color: #333333;\">Tambi\u00e9n disponible en stock en Polonia para entrega dentro de la UE. Plazo de entrega: 7 d\u00edas laborables a domicilio. <\/strong><\/p>\n<p><strong>El env\u00edo a domicilio corre a cargo del cliente. Seleccionar en la caja. 970kr.  <\/strong><\/p>\n<p>&nbsp;<\/p>\n<p><iframe loading=\"lazy\" title=\"Reproductor de v\u00eddeo de YouTube\" src=\"https:\/\/www.youtube.com\/embed\/h7Vza7-QWyk?si=_ihgjys_YQzE_dLY\" width=\"560\" height=\"315\" frameborder=\"0\" allowfullscreen=\"allowfullscreen\" data-mce-fragment=\"1\"><\/iframe><\/p>\n<p>&nbsp;<\/p>\n<h3><strong>Dise\u00f1ada para mujeres y hombres:<\/strong><\/h3>\n<ul>\n<li><span style=\"font-size: 115%;\"><strong>Comodidad y adaptabilidad:<\/strong> La bicicleta el\u00e9ctrica DOUCHEBIKE 750W Svan lleva la comodidad a un nuevo nivel con un sill\u00edn ancho y blando, una suspensi\u00f3n eficaz en la tija del sill\u00edn y amortiguadores delanteros. El manillar ajustable en altura facilita que mujeres y hombres de diferentes estaturas (165-190 cm) encuentren una posici\u00f3n de conducci\u00f3n c\u00f3moda. <\/span><\/li>\n<li><span style=\"font-size: 115%;\"><strong>Potente y f\u00e1cil de usar:<\/strong> Con un motor QS de 750 vatios, esta bicicleta el\u00e9ctrica ofrece un rendimiento potente que supera f\u00e1cilmente las cuestas, mientras que la opci\u00f3n de utilizar asistencia el\u00e9ctrica o el acelerador ofrece flexibilidad en diferentes situaciones de conducci\u00f3n.<\/span><\/li>\n<\/ul>\n<h3><strong>Pr\u00e1ctico y elegante:<\/strong><\/h3>\n<ul>\n<li><span style=\"font-size: 115%;\"><strong>Almacenamiento y transporte inteligentes:<\/strong> El dise\u00f1o de la bicicleta permite plegarla f\u00e1cilmente por la mitad, lo que la hace perfecta para guardarla en espacios peque\u00f1os o transportarla en coche. La bater\u00eda bloqueable y f\u00e1cilmente extra\u00edble facilita la carga. <\/span><\/li>\n<li><span style=\"font-size: 115%;\"><strong>Accesorios y usabilidad:<\/strong> La bicicleta el\u00e9ctrica DOUCHEBIKE 750W Svan est\u00e1 equipada con pr\u00e1cticos extras como un portaequipajes, una elegante cesta delantera y una bolsa en el manillar. La iluminaci\u00f3n LED, tanto delantera como trasera, as\u00ed como los guardabarros, ofrecen seguridad y protecci\u00f3n en cualquier clima. <\/span><\/li>\n<\/ul>\n<h3><strong>Especificaciones t\u00e9cnicas:<\/strong><\/h3>\n<ul>\n<li><span style=\"font-size: 115%;\"><strong>Dimensiones y peso:<\/strong> Con un peso de solo 26 kg y unas dimensiones que se adaptan a la vida urbana (altura del manillar 105-115 cm, altura del sill\u00edn 70-110 cm, longitud 157 cm), esta bicicleta el\u00e9ctrica es una compa\u00f1era ideal en la ciudad.<\/span><\/li>\n<li><span style=\"font-size: 115%;\"><strong>Seguridad y durabilidad:<\/strong> La bicicleta el\u00e9ctrica est\u00e1 equipada con frenos mec\u00e1nicos con discos de freno para una frenada fiable y est\u00e1 clasificada como ciclomotor de clase 2. Los neum\u00e1ticos de 20*4&#8243; garantizan un excelente agarre durante todo el a\u00f1o. <\/span><\/li>\n<\/ul>\n<h3><strong>Opciones de personalizaci\u00f3n y entrega:<\/strong><\/h3>\n<ul>\n<li><span style=\"font-size: 115%;\"><strong>Personalizaci\u00f3n:<\/strong> Elija pedir su bicicleta el\u00e9ctrica con o sin el logotipo de Elscooter Sweden para darle un toque m\u00e1s personal.<\/span><\/li>\n<li><span style=\"font-size: 115%;\"><strong>Entrega y disponibilidad:<\/strong> La bicicleta el\u00e9ctrica DOUCHEBIKE 750W Svan est\u00e1 disponible para su entrega dentro de la UE, con env\u00edo gratuito y un plazo de entrega de 7 d\u00edas laborables. Tambi\u00e9n est\u00e1 disponible para su recogida en varios lugares de Suecia. <\/span><\/li>\n<\/ul>\n<p><span style=\"font-size: 115%;\"><strong>Conclusi\u00f3n:<\/strong> La bicicleta el\u00e9ctrica DOUCHEBIKE 750W Svan de Elscooter Sweden es la bicicleta definitiva para el hombre moderno. Combina comodidad, estilo y rendimiento de una forma que simplifica los desplazamientos diarios y hace que las excursiones de fin de semana sean a\u00fan m\u00e1s divertidas. <\/span><\/p>\n<h3><b>\u00bfQu\u00e9 normas se aplican a las bicicletas el\u00e9ctricas?<\/b><\/h3>\n<p>Te recomendamos que leas las siguientes normas de la Agencia Sueca de Transporte que encontrar\u00e1s <a href=\"https:\/\/www.transportstyrelsen.se\/sv\/vagtrafik\/Fordon\/Fordonsregler\/Moped\/Elcykel\/\" target=\"_blank\" rel=\"noopener\">h\u00e4r<\/a><\/p>\n<p>Para m\u00e1s actualizaciones, s\u00edganos en <a href=\"https:\/\/www.instagram.com\/elscootersweden\/\" target=\"_blank\" rel=\"noopener\">Instagram<\/a>.<\/p>\n<p id=\"tw-target-text\" class=\"tw-data-text tw-text-large tw-ta\" dir=\"ltr\" data-placeholder=\"Translation\"><span class=\"Y2IQFc\" lang=\"sv\">Consulta m\u00e1s <a href=\"https:\/\/elscootersweden.com\/produkt-kategori\/elcykel\/\" target=\"_blank\" rel=\"noopener\">bicicletas el\u00e9ctricas<\/a> de Elscooter Sweden.<\/span><\/p>\n","protected":false},"excerpt":{"rendered":"<p>DOUCHE Svan 750W<\/p>\n","protected":false},"featured_media":4221,"comment_status":"open","ping_status":"closed","template":"","meta":[],"product_brand":[],"product_cat":[45],"product_tag":[],"class_list":{"0":"post-4219","1":"product","2":"type-product","3":"status-publish","4":"has-post-thumbnail","6":"product_cat-bicicletas-electricas","8":"first","9":"outofstock","10":"purchasable","11":"product-type-simple"},"_links":{"self":[{"href":"https:\/\/elscooterspain.com\/es\/wp-json\/wp\/v2\/product\/4219","targetHints":{"allow":["GET"]}}],"collection":[{"href":"https:\/\/elscooterspain.com\/es\/wp-json\/wp\/v2\/product"}],"about":[{"href":"https:\/\/elscooterspain.com\/es\/wp-json\/wp\/v2\/types\/product"}],"replies":[{"embeddable":true,"href":"https:\/\/elscooterspain.com\/es\/wp-json\/wp\/v2\/comments?post=4219"}],"wp:featuredmedia":[{"embeddable":true,"href":"https:\/\/elscooterspain.com\/es\/wp-json\/wp\/v2\/media\/4221"}],"wp:attachment":[{"href":"https:\/\/elscooterspain.com\/es\/wp-json\/wp\/v2\/media?parent=4219"}],"wp:term":[{"taxonomy":"product_brand","embeddable":true,"href":"https:\/\/elscooterspain.com\/es\/wp-json\/wp\/v2\/product_brand?post=4219"},{"taxonomy":"product_cat","embeddable":true,"href":"https:\/\/elscooterspain.com\/es\/wp-json\/wp\/v2\/product_cat?post=4219"},{"taxonomy":"product_tag","embeddable":true,"href":"https:\/\/elscooterspain.com\/es\/wp-json\/wp\/v2\/product_tag?post=4219"}],"curies":[{"name":"wp","href":"https:\/\/api.w.org\/{rel}","templated":true}]}}