{"id":4282,"date":"2025-10-03T11:14:34","date_gmt":"2025-10-03T09:14:34","guid":{"rendered":"https:\/\/elscooterspain.com\/produkt\/teverun-blade-gt-ii\/"},"modified":"2026-01-22T12:41:46","modified_gmt":"2026-01-22T11:41:46","slug":"teverun-blade-gt-ii","status":"publish","type":"product","link":"https:\/\/elscooterspain.com\/es\/produkt\/teverun-blade-gt-ii\/","title":{"rendered":"TEVERUN Blade GT II"},"content":{"rendered":"<div class=\"container section-title-container\" ><h2 class=\"section-title section-title-bold\"><b><\/b><span class=\"section-title-main\" >TEVERUN Blade GT II<\/span><b><\/b><\/h2><\/div>\n<div class=\"container section-title-container\" ><h4 class=\"section-title section-title-center\"><b><\/b><span class=\"section-title-main\" ><i class=\"icon-checkmark\" ><\/i>Especificaciones<\/span><b><\/b><\/h4><\/div>\n<div class=\"row\"  id=\"row-338286933\">\n\n\t<div id=\"col-716948172\" class=\"col medium-6 small-12 large-6\"  >\n\t\t\t\t<div class=\"col-inner\"  >\n\t\t\t\n\t\t\t\n\n<div class=\"spec-row\">\n<p><img decoding=\"async\" class=\"spec-icon\" src=\"https:\/\/img.icons8.com\/ios-filled\/50\/electricity.png\" alt=\"Motor\" title=\"\"><\/p>\n<div class=\"spec-label\">Motor:<\/div>\n<div class=\"spec-value\">1600w*2 (4800w Potencia m\u00e1xima)<\/div>\n<\/div>\n<div class=\"spec-row\">\n<p><img decoding=\"async\" class=\"spec-icon\" src=\"https:\/\/img.icons8.com\/ios-filled\/50\/speed.png\" alt=\"Velocidad m\u00e1xima\" title=\"\"><\/p>\n<div class=\"spec-label\">Velocidad m\u00e1xima:<\/div>\n<div class=\"spec-value\">85 km\/h<\/div>\n<\/div>\n<div class=\"spec-row\">\n<p><img decoding=\"async\" class=\"spec-icon\" src=\"https:\/\/img.icons8.com\/ios-filled\/50\/road.png\" alt=\"Autonom\u00eda\" title=\"\"><\/p>\n<div class=\"spec-label\">Autonom\u00eda:<\/div>\n<div class=\"spec-value\">80 km<\/div>\n<\/div>\n<div class=\"spec-row\">\n<p><img decoding=\"async\" class=\"spec-icon\" src=\"https:\/\/img.icons8.com\/ios-filled\/50\/battery.png\" alt=\"Capacidad de la bater\u00eda\" title=\"\"><\/p>\n<div class=\"spec-label\">Capacidad de la bater\u00eda:<\/div>\n<div class=\"spec-value\"><em>1260Wh <\/em>60v26ah (BMS inteligente)<\/div>\n<\/div>\n<div class=\"spec-row\">\n<p><img decoding=\"async\" class=\"spec-icon\" src=\"https:\/\/img.icons8.com\/ios-filled\/50\/clock.png\" alt=\"Tiempo de carga\" title=\"\"><\/p>\n<div class=\"spec-label\">Tiempo de carga:<\/div>\n<div class=\"spec-value\">10-12 horas<\/div>\n<\/div>\n<div class=\"spec-row\">\n<p><img decoding=\"async\" class=\"spec-icon\" src=\"https:\/\/img.icons8.com\/ios-filled\/50\/mountain.png\" alt=\"\u00c1ngulo de ascenso\" title=\"\"><\/p>\n<div class=\"spec-label\">\u00c1ngulo de ascenso:<\/div>\n<div class=\"spec-value\">35 %<\/div>\n<\/div>\n<div class=\"spec-row\">\n<p><img decoding=\"async\" class=\"spec-icon\" src=\"https:\/\/img.icons8.com\/ios-filled\/50\/rain.png\" alt=\"Resistencia al agua\" title=\"\"><\/p>\n<div class=\"spec-label\">Resistencia al agua:<\/div>\n<div class=\"spec-value\">IP65<\/div>\n<\/div>\n<div class=\"spec-row\">\n<p><img decoding=\"async\" class=\"spec-icon\" src=\"https:\/\/img.icons8.com\/windows\/32\/collapse.png\" alt=\"Dimensiones (plegado)\" title=\"\"><\/p>\n<div class=\"spec-label\">Dimensiones (plegado):<\/div>\n<div class=\"spec-value\">1300 x 260 x 480 mm<br \/>\n<img decoding=\"async\" class=\"spec-icon\" src=\"https:\/\/img.icons8.com\/windows\/32\/collapse.png\" alt=\"Dimensiones (plegado)\" title=\"\"><\/p>\n<div class=\"spec-label\">Dimensiones (desplegado):<\/div>\n<div class=\"spec-value\">1300 x 650 x 1280 mm<\/div>\n<\/div>\n<\/div>\n<div class=\"spec-row\">\n<p><img decoding=\"async\" class=\"spec-icon\" src=\"https:\/\/img.icons8.com\/windows\/32\/scales.png\" alt=\"Peso neto\" title=\"\"><\/p>\n<div class=\"spec-label\">Peso neto:<\/div>\n<div class=\"spec-value\">38 kg<\/div>\n<\/div>\n<div class=\"spec-row\">\n<p><img decoding=\"async\" class=\"spec-icon\" src=\"https:\/\/img.icons8.com\/windows\/32\/weight.png\" alt=\"Peso m\u00e1ximo del usuario\" title=\"\"><\/p>\n<div class=\"spec-label\">Peso m\u00e1ximo del usuario:<\/div>\n<div class=\"spec-value\">120 kg<\/div>\n<\/div>\n\n\t\t<\/div>\n\t\t\t\t\t<\/div>\n\n\t\n\n\t<div id=\"col-645140346\" class=\"col medium-6 small-12 large-6\"  >\n\t\t\t\t<div class=\"col-inner\"  >\n\t\t\t\n\t\t\t\n\n<div class=\"spec-row\">\n<p><img decoding=\"async\" class=\"spec-icon\" src=\"https:\/\/img.icons8.com\/ios-filled\/50\/tire.png\" alt=\"Neum\u00e1tico\" title=\"\"><\/p>\n<div class=\"spec-label\">Neum\u00e1ticos:<\/div>\n<div class=\"spec-value\">Neum\u00e1ticos de aire sin c\u00e1mara de 11&#8243;<\/div>\n<\/div>\n<div class=\"spec-row\">\n<p><img decoding=\"async\" class=\"spec-icon\" src=\"https:\/\/img.icons8.com\/windows\/32\/brake-discs.png\" alt=\"Frenos\" title=\"\"><\/p>\n<div class=\"spec-label\">Frenos:<\/div>\n<div class=\"spec-value\">Frenos hidr\u00e1ulicos<\/div>\n<\/div>\n<div class=\"spec-row\">\n<p><img decoding=\"async\" class=\"spec-icon\" src=\"https:\/\/img.icons8.com\/windows\/32\/light-on.png\" alt=\"Luz delantera\" title=\"\"><\/p>\n<div class=\"spec-label\">Luz delantera:<\/div>\n<div class=\"spec-value\">LED<\/div>\n<\/div>\n<div class=\"spec-row\">\n<p><img decoding=\"async\" class=\"spec-icon\" src=\"https:\/\/img.icons8.com\/windows\/32\/light-off.png\" alt=\"Luz trasera\" title=\"\"><\/p>\n<div class=\"spec-label\">Luz trasera:<\/div>\n<div class=\"spec-value\">LED<\/div>\n<\/div>\n<div class=\"spec-row\">\n<p><img decoding=\"async\" class=\"spec-icon\" src=\"https:\/\/img.icons8.com\/ios-filled\/50\/traffic-light.png\" alt=\"Intermitentes\" title=\"\"><\/p>\n<div class=\"spec-label\">Intermitentes:<\/div>\n<div class=\"spec-value\">S\u00ed<\/div>\n<\/div>\n<div class=\"spec-row\">\n<p><img decoding=\"async\" class=\"spec-icon\" src=\"https:\/\/img.icons8.com\/ios-filled\/50\/speedometer.png\" alt=\"Pantalla\" title=\"\"><\/p>\n<div class=\"spec-label\">Pantalla:<\/div>\n<div class=\"spec-value\">S\u00ed<\/div>\n<\/div>\n<div class=\"spec-row\">\n<p><img decoding=\"async\" class=\"spec-icon\" src=\"https:\/\/img.icons8.com\/ios-filled\/50\/smartphone-tablet.png\" alt=\"Soporte de la app\" title=\"\"><\/p>\n<div class=\"spec-label\">Soporte de la app:<\/div>\n<div class=\"spec-value\">S\u00ed<\/div>\n<\/div>\n<div class=\"spec-row\">\n<p><img decoding=\"async\" class=\"spec-icon\" src=\"https:\/\/img.icons8.com\/ios-filled\/50\/bluetooth.png\" alt=\"Bluetooth\" title=\"\"><\/p>\n<div class=\"spec-label\">Bluetooth:<\/div>\n<div class=\"spec-value\">S\u00ed<\/div>\n<\/div>\n<div class=\"spec-row\">\n<p><img decoding=\"async\" class=\"spec-icon\" src=\"https:\/\/img.icons8.com\/ios-filled\/50\/dashboard.png\" alt=\"Modos de conducci\u00f3n\" title=\"\"><\/p>\n<div class=\"spec-label\">Modos de conducci\u00f3n:<\/div>\n<div class=\"spec-value\">6 modos<\/div>\n<\/div>\n<div class=\"spec-row\">\n<p><img decoding=\"async\" class=\"spec-icon\" src=\"https:\/\/img.icons8.com\/?size=80&amp;id=nzLaZpnQwNmb&amp;format=png\" alt=\"Suspensi\u00f3n\" title=\"\"><\/p>\n<div class=\"spec-label\">Suspensi\u00f3n:<\/div>\n<div class=\"spec-value\">Suspensi\u00f3n delantera y trasera<\/div>\n<\/div>\n<div class=\"spec-row\">\n<p><img decoding=\"async\" class=\"spec-icon\" src=\"https:\/\/img.icons8.com\/ios-filled\/50\/collapse-arrow.png\" alt=\"Mecanismo de plegado\" title=\"\"><\/p>\n<div class=\"spec-label\">Mecanismo de plegado:<\/div>\n<div class=\"spec-value\">Plegable<\/div>\n<\/div>\n\n\t\t<\/div>\n\t\t\t\t\t<\/div>\n\n\t\n<\/div>\n<div class=\"container section-title-container\" ><h4 class=\"section-title section-title-center\"><b><\/b><span class=\"section-title-main\" ><i class=\"icon-user-o\" ><\/i>Prueba de conducci\u00f3n<\/span><b><\/b><\/h4><\/div>\n<p>Reserva una prueba de conducci\u00f3n del patinete el\u00e9ctrico en J\u00f6nk\u00f6ping, Gotemburgo o Estocolmo Skog\u00e5s. Cont\u00e1ctanos para reservar <a href=\"tel:0703951793\">llamando<\/a> o por <a href=\"mailto:info@elscootersweden.com\">correo electr\u00f3nico.<\/a> <\/p>\n\n\n<div class=\"container section-title-container\" ><h4 class=\"section-title section-title-center\"><b><\/b><span class=\"section-title-main\" ><i class=\"icon-star\" ><\/i>Funciones<\/span><b><\/b><\/h4><\/div>\n<h2 data-start=\"108\" data-end=\"176\"><strong data-start=\"108\" data-end=\"174\">Teverun Blade GT II \u2013 potencia, autonom\u00eda y seguridad de primera clase<\/strong><\/h2>\n<p data-start=\"178\" data-end=\"495\">El Teverun Blade GT II es el patinete el\u00e9ctrico para aquellos que buscan lo mejor en rendimiento e innovaci\u00f3n. Con una velocidad m\u00e1xima de hasta <strong data-start=\"309\" data-end=\"320\">85 km\/h<\/strong>, motores duales con un total de <strong data-start=\"347\" data-end=\"379\">3200 W (4800 W de capacidad m\u00e1xima)<\/strong> y una autonom\u00eda de hasta 80 <strong data-start=\"408\" data-end=\"418\">km<\/strong>, te lleva m\u00e1s lejos y m\u00e1s r\u00e1pido que la mayor\u00eda de los otros modelos del mercado. <\/p>\n<p data-start=\"497\" data-end=\"901\">La <strong data-start=\"507\" data-end=\"532\">suspensi\u00f3n delantera y trasera<\/strong> avanzada, junto con los neum\u00e1ticos antipinchazos de 11 pulgadas, hacen que la conducci\u00f3n sea c\u00f3moda y estable, ya sea que circules por las calles de la ciudad o por terrenos m\u00e1s dif\u00edciles. Para m\u00e1xima seguridad, la Blade GT II est\u00e1 equipada con <strong data-start=\"726\" data-end=\"760\">frenos de disco hidr\u00e1ulicos dobles<\/strong>, amortiguador de direcci\u00f3n y potentes faros delanteros de <strong data-start=\"799\" data-end=\"814\">2000 l\u00famenes<\/strong>, complementados con intermitentes e iluminaci\u00f3n RGB inteligente que aumenta tanto la visibilidad como el estilo.<\/p>\n<p data-start=\"903\" data-end=\"1205\">Con el <strong data-start=\"907\" data-end=\"925\">desbloqueo NFC<\/strong>, el control mediante la aplicaci\u00f3n y un dise\u00f1o plegable, obtienes un patinete el\u00e9ctrico que no solo es potente, sino tambi\u00e9n sencillo y pr\u00e1ctico en el d\u00eda a d\u00eda. La posibilidad de elegir entre diferentes opciones de bater\u00eda, as\u00ed como la de mejorarla con neum\u00e1ticos todoterreno, acelerador de pulgar o sill\u00edn, la hace flexible para todas las necesidades.<\/p>\n<p data-start=\"1207\" data-end=\"1372\"><strong data-start=\"1207\" data-end=\"1370\">El Blade GT II es la elecci\u00f3n para aquellos que buscan un patinete el\u00e9ctrico premium con largo alcance, alto rendimiento y seguridad avanzada, perfecto tanto para ir al trabajo como para la aventura.<\/strong><\/p>\n<p data-start=\"213\" data-end=\"534\"><span style=\"font-size: 14.4px;\">.<\/span><\/p>\n<h2>\u00bfPor qu\u00e9 elegir Elscooter Sweden?<\/h2>\n<p>En Elscooter Sweden, con nuestra marca l\u00edder Douche, ofrecemos veh\u00edculos el\u00e9ctricos que garantizan tanto un alto rendimiento como una durabilidad a largo plazo. Nuestros productos, desde bicicletas el\u00e9ctricas hasta patinetes el\u00e9ctricos, son perfectos para entornos urbanos y confiables para los desplazamientos diarios. <\/p>\n<h2>Servicio y disponibilidad de primera clase<\/h2>\n<p>Ubicados en Brunnsgatan 7 en J\u00f6nk\u00f6ping, nuestra tienda ofrece la oportunidad de probar nuestra gama. Con instalaciones para pruebas de conducci\u00f3n y recogida en ciudades m\u00e1s grandes como Estocolmo, Gotemburgo y Malm\u00f6, as\u00ed como entrega en toda la UE, estamos listos para satisfacer tus necesidades. <\/p>\n<h2>Soporte y piezas confiables<\/h2>\n<p>Proporcionamos piezas de repuesto y nuestro propio taller de servicio en Suecia, as\u00ed como colaboraciones con talleres locales para un servicio al cliente y soporte inigualables.<\/p>\n<h2>Douche \u2013 Potencia e Innovaci\u00f3n<\/h2>\n<p><strong>Douche<\/strong> representa la innovaci\u00f3n y el rendimiento excepcional en la tecnolog\u00eda de veh\u00edculos el\u00e9ctricos. Cada producto est\u00e1 creado para ofrecer una experiencia de conducci\u00f3n superior, superar las expectativas y definir la movilidad del futuro. <\/p>\n<h2>Experimenta Douche y Elscooter Sweden<\/h2>\n<p>Elige nuestros veh\u00edculos el\u00e9ctricos para una soluci\u00f3n de transporte fluida, ecol\u00f3gica y potente. Estamos aqu\u00ed para hacer que tu viaje sea superior. Vis\u00edtanos para descubrir c\u00f3mo nuestros productos pueden cambiar tu forma de viajar.<\/p>\n<div class=\"container section-title-container\" ><h4 class=\"section-title section-title-center\"><b><\/b><span class=\"section-title-main\" ><i class=\"icon-lock\" ><\/i>\u00bfQu\u00e9 normas se aplican a los patinetes el\u00e9ctricos?<\/span><b><\/b><\/h4><\/div>\n","protected":false},"excerpt":{"rendered":"<p>Teverun Blade GT II \u2013 patinete el\u00e9ctrico de primera calidad con una velocidad m\u00e1xima de 85 km\/h, hasta 80 km de autonom\u00eda, motores duales y equipamiento de seguridad completo.<\/p>\n","protected":false},"featured_media":4283,"comment_status":"open","ping_status":"closed","template":"","meta":[],"product_brand":[],"product_cat":[44],"product_tag":[],"class_list":{"0":"post-4282","1":"product","2":"type-product","3":"status-publish","4":"has-post-thumbnail","6":"product_cat-patinete-electrico","8":"first","9":"outofstock","10":"purchasable","11":"product-type-simple"},"_links":{"self":[{"href":"https:\/\/elscooterspain.com\/es\/wp-json\/wp\/v2\/product\/4282","targetHints":{"allow":["GET"]}}],"collection":[{"href":"https:\/\/elscooterspain.com\/es\/wp-json\/wp\/v2\/product"}],"about":[{"href":"https:\/\/elscooterspain.com\/es\/wp-json\/wp\/v2\/types\/product"}],"replies":[{"embeddable":true,"href":"https:\/\/elscooterspain.com\/es\/wp-json\/wp\/v2\/comments?post=4282"}],"wp:featuredmedia":[{"embeddable":true,"href":"https:\/\/elscooterspain.com\/es\/wp-json\/wp\/v2\/media\/4283"}],"wp:attachment":[{"href":"https:\/\/elscooterspain.com\/es\/wp-json\/wp\/v2\/media?parent=4282"}],"wp:term":[{"taxonomy":"product_brand","embeddable":true,"href":"https:\/\/elscooterspain.com\/es\/wp-json\/wp\/v2\/product_brand?post=4282"},{"taxonomy":"product_cat","embeddable":true,"href":"https:\/\/elscooterspain.com\/es\/wp-json\/wp\/v2\/product_cat?post=4282"},{"taxonomy":"product_tag","embeddable":true,"href":"https:\/\/elscooterspain.com\/es\/wp-json\/wp\/v2\/product_tag?post=4282"}],"curies":[{"name":"wp","href":"https:\/\/api.w.org\/{rel}","templated":true}]}}