{"id":4332,"date":"2025-12-04T11:25:30","date_gmt":"2025-12-04T10:25:30","guid":{"rendered":"https:\/\/elscooterspain.com\/produkt\/moto-electrica-douche-pinto-3000w-autonomia-de-70-km\/"},"modified":"2026-01-22T12:43:44","modified_gmt":"2026-01-22T11:43:44","slug":"moto-electrica-douche-pinto-3000w-autonomia-de-70-km","status":"publish","type":"product","link":"https:\/\/elscooterspain.com\/es\/produkt\/moto-electrica-douche-pinto-3000w-autonomia-de-70-km\/","title":{"rendered":"Moto el\u00e9ctrica DOUCHE PINTO 3000W &#8211; autonom\u00eda de 70 km"},"content":{"rendered":"<p>Moto el\u00e9ctrica DOUCHE PINTO 3000W &#8211; autonom\u00eda de 70 km<\/p>\n<p>Dise\u00f1o atractivo y buena calidad. Una de las motos el\u00e9ctricas m\u00e1s elegantes del mercado con un potente motor el\u00e9ctrico de 3000W en la rueda trasera. La bater\u00eda es de 60V\/30Ah, lo que proporciona una autonom\u00eda de 70 km en condiciones \u00f3ptimas.  <\/p>\n<p>El precio incluye el env\u00edo a domicilio en toda la UE. Plazo de entrega: 7 d\u00edas aproximadamente. <\/p>\n<p><strong>Color: ROJO, VERDE, AZUL<\/strong><\/p>\n<p>+ Ciclomotor homologado de clase 1: 45 km\/h<\/p>\n<p>+ Motor el\u00e9ctrico QS 3000W sin escobillas en la rueda trasera<\/p>\n<p>+ Frenos hidr\u00e1ulicos<\/p>\n<p>+ Pantalla LED<\/p>\n<p>+ Almacenamiento debajo del asiento<\/p>\n<p>+ Sill\u00edn c\u00f3modo<\/p>\n<p>+ Espacio para dos<\/p>\n<p>+ Iluminaci\u00f3n delantera y trasera<\/p>\n<p>+ Cargador 60V\/5A &#8211; tiempo de carga: 8 horas aproximadamente<\/p>\n<p>+ Neum\u00e1ticos de asfalto<\/p>\n<p>+ 2 llaves<\/p>\n<p>+ Alarma<\/p>\n<p>+ Dimensiones: 1870x765x1120mm<\/p>\n<p>+ Neum\u00e1ticos sin c\u00e1mara &#8211; 120\/70-12<\/p>\n<p>+ Carga m\u00e1xima 200 kg<\/p>\n","protected":false},"excerpt":{"rendered":"<p>Moto el\u00e9ctrica DOUCHE PINTO 3000W &#8211; autonom\u00eda de 70 km<\/p>\n","protected":false},"featured_media":4334,"comment_status":"open","ping_status":"closed","template":"","meta":[],"product_brand":[],"product_cat":[50],"product_tag":[],"class_list":{"0":"post-4332","1":"product","2":"type-product","3":"status-publish","4":"has-post-thumbnail","6":"product_cat-fatbike-ciclomotor-electrico","8":"first","9":"instock","10":"sale","11":"purchasable","12":"product-type-simple"},"_links":{"self":[{"href":"https:\/\/elscooterspain.com\/es\/wp-json\/wp\/v2\/product\/4332","targetHints":{"allow":["GET"]}}],"collection":[{"href":"https:\/\/elscooterspain.com\/es\/wp-json\/wp\/v2\/product"}],"about":[{"href":"https:\/\/elscooterspain.com\/es\/wp-json\/wp\/v2\/types\/product"}],"replies":[{"embeddable":true,"href":"https:\/\/elscooterspain.com\/es\/wp-json\/wp\/v2\/comments?post=4332"}],"wp:featuredmedia":[{"embeddable":true,"href":"https:\/\/elscooterspain.com\/es\/wp-json\/wp\/v2\/media\/4334"}],"wp:attachment":[{"href":"https:\/\/elscooterspain.com\/es\/wp-json\/wp\/v2\/media?parent=4332"}],"wp:term":[{"taxonomy":"product_brand","embeddable":true,"href":"https:\/\/elscooterspain.com\/es\/wp-json\/wp\/v2\/product_brand?post=4332"},{"taxonomy":"product_cat","embeddable":true,"href":"https:\/\/elscooterspain.com\/es\/wp-json\/wp\/v2\/product_cat?post=4332"},{"taxonomy":"product_tag","embeddable":true,"href":"https:\/\/elscooterspain.com\/es\/wp-json\/wp\/v2\/product_tag?post=4332"}],"curies":[{"name":"wp","href":"https:\/\/api.w.org\/{rel}","templated":true}]}}